{"id":15572,"date":"2023-06-27T10:33:58","date_gmt":"2023-06-27T08:33:58","guid":{"rendered":"https:\/\/humandesign.group\/rokh\/?page_id=15572"},"modified":"2026-03-09T14:07:44","modified_gmt":"2026-03-09T13:07:44","slug":"health","status":"publish","type":"page","link":"https:\/\/humandesign.group\/en\/sante\/","title":{"rendered":"Health &amp; Wellbeing"},"content":{"rendered":"","protected":false},"excerpt":{"rendered":"","protected":false},"author":1,"featured_media":0,"parent":0,"menu_order":0,"comment_status":"closed","ping_status":"closed","template":"","meta":{"footnotes":""},"folder":[49],"class_list":["post-15572","page","type-page","status-publish","hentry"],"yoast_head":"<!-- This site is optimized with the Yoast SEO plugin v27.5 - https:\/\/yoast.com\/product\/yoast-seo-wordpress\/ -->\n<title>Sant\u00e9 &amp; Bien-\u00catre - Human design Group<\/title>\n<meta name=\"description\" content=\"Human design Group apporte des solutions pour augmenter la performance et la s\u00e9curit\u00e9 des produits et services en sant\u00e9.\" \/>\n<meta name=\"robots\" content=\"index, follow, max-snippet:-1, max-image-preview:large, max-video-preview:-1\" \/>\n<link rel=\"canonical\" href=\"https:\/\/humandesign.group\/en\/health\/\" \/>\n<meta property=\"og:locale\" content=\"en_GB\" \/>\n<meta property=\"og:type\" content=\"article\" \/>\n<meta property=\"og:title\" content=\"Sant\u00e9 &amp; Bien-\u00catre - Human design Group\" \/>\n<meta property=\"og:description\" content=\"Human design Group apporte des solutions pour augmenter la performance et la s\u00e9curit\u00e9 des produits et services en sant\u00e9.\" \/>\n<meta property=\"og:url\" content=\"https:\/\/humandesign.group\/en\/health\/\" \/>\n<meta property=\"og:site_name\" content=\"Human design Group\" \/>\n<meta property=\"article:modified_time\" content=\"2026-03-09T13:07:44+00:00\" \/>\n<meta name=\"twitter:card\" content=\"summary_large_image\" \/>\n<meta name=\"twitter:site\" content=\"@byHDGroup\" \/>\n<meta name=\"twitter:label1\" content=\"Estimated reading time\" \/>\n\t<meta name=\"twitter:data1\" content=\"5 minutes\" \/>\n<script type=\"application\/ld+json\" class=\"yoast-schema-graph\">{\"@context\":\"https:\\\/\\\/schema.org\",\"@graph\":[{\"@type\":\"WebPage\",\"@id\":\"https:\\\/\\\/humandesign.group\\\/sante\\\/\",\"url\":\"https:\\\/\\\/humandesign.group\\\/sante\\\/\",\"name\":\"Sant\u00e9 &amp; Bien-\u00catre - Human design Group\",\"isPartOf\":{\"@id\":\"https:\\\/\\\/humandesign.group\\\/#website\"},\"datePublished\":\"2023-06-27T08:33:58+00:00\",\"dateModified\":\"2026-03-09T13:07:44+00:00\",\"description\":\"Human design Group apporte des solutions pour augmenter la performance et la s\u00e9curit\u00e9 des produits et services en sant\u00e9.\",\"breadcrumb\":{\"@id\":\"https:\\\/\\\/humandesign.group\\\/sante\\\/#breadcrumb\"},\"inLanguage\":\"en-GB\",\"potentialAction\":[{\"@type\":\"ReadAction\",\"target\":[\"https:\\\/\\\/humandesign.group\\\/sante\\\/\"]}]},{\"@type\":\"BreadcrumbList\",\"@id\":\"https:\\\/\\\/humandesign.group\\\/sante\\\/#breadcrumb\",\"itemListElement\":[{\"@type\":\"ListItem\",\"position\":1,\"name\":\"Accueil\",\"item\":\"https:\\\/\\\/humandesign.group\\\/\"},{\"@type\":\"ListItem\",\"position\":2,\"name\":\"Sant\u00e9 &amp; Bien-\u00catre\"}]},{\"@type\":\"WebSite\",\"@id\":\"https:\\\/\\\/humandesign.group\\\/#website\",\"url\":\"https:\\\/\\\/humandesign.group\\\/\",\"name\":\"Human design Group\",\"description\":\"La valeur centr\u00e9e humain\",\"publisher\":{\"@id\":\"https:\\\/\\\/humandesign.group\\\/#organization\"},\"potentialAction\":[{\"@type\":\"SearchAction\",\"target\":{\"@type\":\"EntryPoint\",\"urlTemplate\":\"https:\\\/\\\/humandesign.group\\\/?s={search_term_string}\"},\"query-input\":{\"@type\":\"PropertyValueSpecification\",\"valueRequired\":true,\"valueName\":\"search_term_string\"}}],\"inLanguage\":\"en-GB\"},{\"@type\":\"Organization\",\"@id\":\"https:\\\/\\\/humandesign.group\\\/#organization\",\"name\":\"Human Design Group\",\"url\":\"https:\\\/\\\/humandesign.group\\\/\",\"logo\":{\"@type\":\"ImageObject\",\"inLanguage\":\"en-GB\",\"@id\":\"https:\\\/\\\/humandesign.group\\\/#\\\/schema\\\/logo\\\/image\\\/\",\"url\":\"https:\\\/\\\/humandesign.group\\\/wp-content\\\/uploads\\\/2021\\\/03\\\/cropped-625x625-WPicons.png\",\"contentUrl\":\"https:\\\/\\\/humandesign.group\\\/wp-content\\\/uploads\\\/2021\\\/03\\\/cropped-625x625-WPicons.png\",\"width\":512,\"height\":512,\"caption\":\"Human Design Group\"},\"image\":{\"@id\":\"https:\\\/\\\/humandesign.group\\\/#\\\/schema\\\/logo\\\/image\\\/\"},\"sameAs\":[\"https:\\\/\\\/x.com\\\/byHDGroup\",\"https:\\\/\\\/www.linkedin.com\\\/company\\\/11247344\\\/\",\"https:\\\/\\\/www.youtube.com\\\/channel\\\/UCEaSL9cWQPV8GbViMdSlrwA\"]}]}<\/script>\n<!-- \/ Yoast SEO plugin. -->","yoast_head_json":{"title":"Sant\u00e9 &amp; Bien-\u00catre - Human design Group","description":"Human design Group provides solutions to improve the performance and safety of healthcare products and services.","robots":{"index":"index","follow":"follow","max-snippet":"max-snippet:-1","max-image-preview":"max-image-preview:large","max-video-preview":"max-video-preview:-1"},"canonical":"https:\/\/humandesign.group\/en\/health\/","og_locale":"en_GB","og_type":"article","og_title":"Sant\u00e9 &amp; Bien-\u00catre - Human design Group","og_description":"Human design Group apporte des solutions pour augmenter la performance et la s\u00e9curit\u00e9 des produits et services en sant\u00e9.","og_url":"https:\/\/humandesign.group\/en\/health\/","og_site_name":"Human design Group","article_modified_time":"2026-03-09T13:07:44+00:00","twitter_card":"summary_large_image","twitter_site":"@byHDGroup","twitter_misc":{"Estimated reading time":"5 minutes"},"schema":{"@context":"https:\/\/schema.org","@graph":[{"@type":"WebPage","@id":"https:\/\/humandesign.group\/sante\/","url":"https:\/\/humandesign.group\/sante\/","name":"Sant\u00e9 &amp; Bien-\u00catre - Human design Group","isPartOf":{"@id":"https:\/\/humandesign.group\/#website"},"datePublished":"2023-06-27T08:33:58+00:00","dateModified":"2026-03-09T13:07:44+00:00","description":"Human design Group provides solutions to improve the performance and safety of healthcare products and services.","breadcrumb":{"@id":"https:\/\/humandesign.group\/sante\/#breadcrumb"},"inLanguage":"en-GB","potentialAction":[{"@type":"ReadAction","target":["https:\/\/humandesign.group\/sante\/"]}]},{"@type":"BreadcrumbList","@id":"https:\/\/humandesign.group\/sante\/#breadcrumb","itemListElement":[{"@type":"ListItem","position":1,"name":"Accueil","item":"https:\/\/humandesign.group\/"},{"@type":"ListItem","position":2,"name":"Sant\u00e9 &amp; Bien-\u00catre"}]},{"@type":"WebSite","@id":"https:\/\/humandesign.group\/#website","url":"https:\/\/humandesign.group\/","name":"at Human design Group","description":"Human-centred value","publisher":{"@id":"https:\/\/humandesign.group\/#organization"},"potentialAction":[{"@type":"SearchAction","target":{"@type":"EntryPoint","urlTemplate":"https:\/\/humandesign.group\/?s={search_term_string}"},"query-input":{"@type":"PropertyValueSpecification","valueRequired":true,"valueName":"search_term_string"}}],"inLanguage":"en-GB"},{"@type":"Organization","@id":"https:\/\/humandesign.group\/#organization","name":"Human Design Group","url":"https:\/\/humandesign.group\/","logo":{"@type":"ImageObject","inLanguage":"en-GB","@id":"https:\/\/humandesign.group\/#\/schema\/logo\/image\/","url":"https:\/\/humandesign.group\/wp-content\/uploads\/2021\/03\/cropped-625x625-WPicons.png","contentUrl":"https:\/\/humandesign.group\/wp-content\/uploads\/2021\/03\/cropped-625x625-WPicons.png","width":512,"height":512,"caption":"Human Design Group"},"image":{"@id":"https:\/\/humandesign.group\/#\/schema\/logo\/image\/"},"sameAs":["https:\/\/x.com\/byHDGroup","https:\/\/www.linkedin.com\/company\/11247344\/","https:\/\/www.youtube.com\/channel\/UCEaSL9cWQPV8GbViMdSlrwA"]}]}},"_links":{"self":[{"href":"https:\/\/humandesign.group\/en\/wp-json\/wp\/v2\/pages\/15572","targetHints":{"allow":["GET"]}}],"collection":[{"href":"https:\/\/humandesign.group\/en\/wp-json\/wp\/v2\/pages"}],"about":[{"href":"https:\/\/humandesign.group\/en\/wp-json\/wp\/v2\/types\/page"}],"author":[{"embeddable":true,"href":"https:\/\/humandesign.group\/en\/wp-json\/wp\/v2\/users\/1"}],"replies":[{"embeddable":true,"href":"https:\/\/humandesign.group\/en\/wp-json\/wp\/v2\/comments?post=15572"}],"version-history":[{"count":5,"href":"https:\/\/humandesign.group\/en\/wp-json\/wp\/v2\/pages\/15572\/revisions"}],"predecessor-version":[{"id":21332,"href":"https:\/\/humandesign.group\/en\/wp-json\/wp\/v2\/pages\/15572\/revisions\/21332"}],"wp:attachment":[{"href":"https:\/\/humandesign.group\/en\/wp-json\/wp\/v2\/media?parent=15572"}],"wp:term":[{"taxonomy":"folder","embeddable":true,"href":"https:\/\/humandesign.group\/en\/wp-json\/wp\/v2\/folder?post=15572"}],"curies":[{"name":"wp","href":"https:\/\/api.w.org\/{rel}","templated":true}]}}