{"id":19084,"date":"2024-09-06T10:49:36","date_gmt":"2024-09-06T08:49:36","guid":{"rendered":"https:\/\/staging.humandesign.group\/?page_id=19084"},"modified":"2025-03-06T17:01:22","modified_gmt":"2025-03-06T16:01:22","slug":"mro-mco-aeronautical-maintenance","status":"publish","type":"page","link":"https:\/\/humandesign.group\/en\/aerospatial\/mro-mco-maintenance-aeronautique\/","title":{"rendered":"Aircraft MRO \/ MCO"},"content":{"rendered":"","protected":false},"excerpt":{"rendered":"","protected":false},"author":1,"featured_media":19088,"parent":15491,"menu_order":0,"comment_status":"closed","ping_status":"closed","template":"","meta":{"footnotes":""},"folder":[49],"class_list":["post-19084","page","type-page","status-publish","has-post-thumbnail","hentry"],"yoast_head":"<!-- This site is optimized with the Yoast SEO plugin v27.5 - https:\/\/yoast.com\/product\/yoast-seo-wordpress\/ -->\n<title>MRO \/ MCO a\u00e9ronautique - Human design Group<\/title>\n<meta name=\"description\" content=\"Human Design Group allie expertise en Facteurs Humains et innovation technologique pour cr\u00e9er des r\u00e9ponses sur mesure aux d\u00e9fis du MRO.\" \/>\n<meta name=\"robots\" content=\"index, follow, max-snippet:-1, max-image-preview:large, max-video-preview:-1\" \/>\n<link rel=\"canonical\" href=\"https:\/\/humandesign.group\/en\/aerospatial\/mro-mco-aeronautical-maintenance\/\" \/>\n<meta property=\"og:locale\" content=\"en_GB\" \/>\n<meta property=\"og:type\" content=\"article\" \/>\n<meta property=\"og:title\" content=\"R\u00e9pondre aux enjeux humains de la maintenance a\u00e9ronautique\" \/>\n<meta property=\"og:description\" content=\"Human Design Group allie expertise en Facteurs Humains et innovation technologique pour cr\u00e9er des solutions sur mesure aux d\u00e9fis du MRO.\" \/>\n<meta property=\"og:url\" content=\"https:\/\/humandesign.group\/en\/aerospatial\/mro-mco-aeronautical-maintenance\/\" \/>\n<meta property=\"og:site_name\" content=\"Human design Group\" \/>\n<meta property=\"article:modified_time\" content=\"2025-03-06T16:01:22+00:00\" \/>\n<meta property=\"og:image\" content=\"https:\/\/humandesign.group\/wp-content\/uploads\/2023\/11\/Indsutrie-HERO2.jpg\" \/>\n\t<meta property=\"og:image:width\" content=\"1951\" \/>\n\t<meta property=\"og:image:height\" content=\"1246\" \/>\n\t<meta property=\"og:image:type\" content=\"image\/jpeg\" \/>\n<meta name=\"twitter:card\" content=\"summary_large_image\" \/>\n<meta name=\"twitter:site\" content=\"@byHDGroup\" \/>\n<meta name=\"twitter:label1\" content=\"Estimated reading time\" \/>\n\t<meta name=\"twitter:data1\" content=\"11 minutes\" \/>\n<script type=\"application\/ld+json\" class=\"yoast-schema-graph\">{\"@context\":\"https:\\\/\\\/schema.org\",\"@graph\":[{\"@type\":\"AdvertiserContentArticle\",\"@id\":\"https:\\\/\\\/humandesign.group\\\/aerospatial\\\/mro-mco-maintenance-aeronautique\\\/#article\",\"isPartOf\":{\"@id\":\"https:\\\/\\\/humandesign.group\\\/aerospatial\\\/mro-mco-maintenance-aeronautique\\\/\"},\"author\":{\"name\":\"Human design Group\",\"@id\":\"https:\\\/\\\/humandesign.group\\\/#\\\/schema\\\/person\\\/3466441463bc8fa40d127ed01a9fd239\"},\"headline\":\"MRO \\\/ MCO a\u00e9ronautique\",\"datePublished\":\"2024-09-06T08:49:36+00:00\",\"dateModified\":\"2025-03-06T16:01:22+00:00\",\"mainEntityOfPage\":{\"@id\":\"https:\\\/\\\/humandesign.group\\\/aerospatial\\\/mro-mco-maintenance-aeronautique\\\/\"},\"wordCount\":4,\"publisher\":{\"@id\":\"https:\\\/\\\/humandesign.group\\\/#organization\"},\"image\":{\"@id\":\"https:\\\/\\\/humandesign.group\\\/aerospatial\\\/mro-mco-maintenance-aeronautique\\\/#primaryimage\"},\"thumbnailUrl\":\"https:\\\/\\\/humandesign.group\\\/wp-content\\\/uploads\\\/2024\\\/09\\\/HERO-MRO.png\",\"inLanguage\":\"en-GB\"},{\"@type\":\"WebPage\",\"@id\":\"https:\\\/\\\/humandesign.group\\\/aerospatial\\\/mro-mco-maintenance-aeronautique\\\/\",\"url\":\"https:\\\/\\\/humandesign.group\\\/aerospatial\\\/mro-mco-maintenance-aeronautique\\\/\",\"name\":\"MRO \\\/ MCO a\u00e9ronautique - Human design Group\",\"isPartOf\":{\"@id\":\"https:\\\/\\\/humandesign.group\\\/#website\"},\"primaryImageOfPage\":{\"@id\":\"https:\\\/\\\/humandesign.group\\\/aerospatial\\\/mro-mco-maintenance-aeronautique\\\/#primaryimage\"},\"image\":{\"@id\":\"https:\\\/\\\/humandesign.group\\\/aerospatial\\\/mro-mco-maintenance-aeronautique\\\/#primaryimage\"},\"thumbnailUrl\":\"https:\\\/\\\/humandesign.group\\\/wp-content\\\/uploads\\\/2024\\\/09\\\/HERO-MRO.png\",\"datePublished\":\"2024-09-06T08:49:36+00:00\",\"dateModified\":\"2025-03-06T16:01:22+00:00\",\"description\":\"Human Design Group allie expertise en Facteurs Humains et innovation technologique pour cr\u00e9er des r\u00e9ponses sur mesure aux d\u00e9fis du MRO.\",\"breadcrumb\":{\"@id\":\"https:\\\/\\\/humandesign.group\\\/aerospatial\\\/mro-mco-maintenance-aeronautique\\\/#breadcrumb\"},\"inLanguage\":\"en-GB\",\"potentialAction\":[{\"@type\":\"ReadAction\",\"target\":[\"https:\\\/\\\/humandesign.group\\\/aerospatial\\\/mro-mco-maintenance-aeronautique\\\/\"]}]},{\"@type\":\"ImageObject\",\"inLanguage\":\"en-GB\",\"@id\":\"https:\\\/\\\/humandesign.group\\\/aerospatial\\\/mro-mco-maintenance-aeronautique\\\/#primaryimage\",\"url\":\"https:\\\/\\\/humandesign.group\\\/wp-content\\\/uploads\\\/2024\\\/09\\\/HERO-MRO.png\",\"contentUrl\":\"https:\\\/\\\/humandesign.group\\\/wp-content\\\/uploads\\\/2024\\\/09\\\/HERO-MRO.png\",\"width\":1951,\"height\":1246},{\"@type\":\"BreadcrumbList\",\"@id\":\"https:\\\/\\\/humandesign.group\\\/aerospatial\\\/mro-mco-maintenance-aeronautique\\\/#breadcrumb\",\"itemListElement\":[{\"@type\":\"ListItem\",\"position\":1,\"name\":\"Accueil\",\"item\":\"https:\\\/\\\/humandesign.group\\\/\"},{\"@type\":\"ListItem\",\"position\":2,\"name\":\"A\u00e9rospatial\",\"item\":\"https:\\\/\\\/humandesign.group\\\/aerospatial\\\/\"},{\"@type\":\"ListItem\",\"position\":3,\"name\":\"MRO \\\/ MCO a\u00e9ronautique\"}]},{\"@type\":\"WebSite\",\"@id\":\"https:\\\/\\\/humandesign.group\\\/#website\",\"url\":\"https:\\\/\\\/humandesign.group\\\/\",\"name\":\"Human design Group\",\"description\":\"La valeur centr\u00e9e humain\",\"publisher\":{\"@id\":\"https:\\\/\\\/humandesign.group\\\/#organization\"},\"potentialAction\":[{\"@type\":\"SearchAction\",\"target\":{\"@type\":\"EntryPoint\",\"urlTemplate\":\"https:\\\/\\\/humandesign.group\\\/?s={search_term_string}\"},\"query-input\":{\"@type\":\"PropertyValueSpecification\",\"valueRequired\":true,\"valueName\":\"search_term_string\"}}],\"inLanguage\":\"en-GB\"},{\"@type\":\"Organization\",\"@id\":\"https:\\\/\\\/humandesign.group\\\/#organization\",\"name\":\"Human Design Group\",\"url\":\"https:\\\/\\\/humandesign.group\\\/\",\"logo\":{\"@type\":\"ImageObject\",\"inLanguage\":\"en-GB\",\"@id\":\"https:\\\/\\\/humandesign.group\\\/#\\\/schema\\\/logo\\\/image\\\/\",\"url\":\"https:\\\/\\\/humandesign.group\\\/wp-content\\\/uploads\\\/2021\\\/03\\\/cropped-625x625-WPicons.png\",\"contentUrl\":\"https:\\\/\\\/humandesign.group\\\/wp-content\\\/uploads\\\/2021\\\/03\\\/cropped-625x625-WPicons.png\",\"width\":512,\"height\":512,\"caption\":\"Human Design Group\"},\"image\":{\"@id\":\"https:\\\/\\\/humandesign.group\\\/#\\\/schema\\\/logo\\\/image\\\/\"},\"sameAs\":[\"https:\\\/\\\/x.com\\\/byHDGroup\",\"https:\\\/\\\/www.linkedin.com\\\/company\\\/11247344\\\/\",\"https:\\\/\\\/www.youtube.com\\\/channel\\\/UCEaSL9cWQPV8GbViMdSlrwA\"]},{\"@type\":\"Person\",\"@id\":\"https:\\\/\\\/humandesign.group\\\/#\\\/schema\\\/person\\\/3466441463bc8fa40d127ed01a9fd239\",\"name\":\"Human design Group\",\"image\":{\"@type\":\"ImageObject\",\"inLanguage\":\"en-GB\",\"@id\":\"https:\\\/\\\/secure.gravatar.com\\\/avatar\\\/6c83103485323b7127da778e358ce44bdf05dffc465ee346a9f41da6decf75ea?s=96&d=mm&r=g\",\"url\":\"https:\\\/\\\/secure.gravatar.com\\\/avatar\\\/6c83103485323b7127da778e358ce44bdf05dffc465ee346a9f41da6decf75ea?s=96&d=mm&r=g\",\"contentUrl\":\"https:\\\/\\\/secure.gravatar.com\\\/avatar\\\/6c83103485323b7127da778e358ce44bdf05dffc465ee346a9f41da6decf75ea?s=96&d=mm&r=g\",\"caption\":\"Human design Group\"},\"sameAs\":[\"http:\\\/\\\/staging.humandesign.group\"]}]}<\/script>\n<!-- \/ Yoast SEO plugin. -->","yoast_head_json":{"title":"MRO \/ MCO aeronautics - Human design Group","description":"Human Design Group combines expertise in Human Factors and technological innovation to create tailor-made solutions to the challenges facing the MRO sector.","robots":{"index":"index","follow":"follow","max-snippet":"max-snippet:-1","max-image-preview":"max-image-preview:large","max-video-preview":"max-video-preview:-1"},"canonical":"https:\/\/humandesign.group\/en\/aerospatial\/mro-mco-aeronautical-maintenance\/","og_locale":"en_GB","og_type":"article","og_title":"R\u00e9pondre aux enjeux humains de la maintenance a\u00e9ronautique","og_description":"Human Design Group allie expertise en Facteurs Humains et innovation technologique pour cr\u00e9er des solutions sur mesure aux d\u00e9fis du MRO.","og_url":"https:\/\/humandesign.group\/en\/aerospatial\/mro-mco-aeronautical-maintenance\/","og_site_name":"Human design Group","article_modified_time":"2025-03-06T16:01:22+00:00","og_image":[{"width":1951,"height":1246,"url":"https:\/\/humandesign.group\/wp-content\/uploads\/2023\/11\/Indsutrie-HERO2.jpg","type":"image\/jpeg"}],"twitter_card":"summary_large_image","twitter_site":"@byHDGroup","twitter_misc":{"Estimated reading time":"11 minutes"},"schema":{"@context":"https:\/\/schema.org","@graph":[{"@type":"AdvertiserContentArticle","@id":"https:\/\/humandesign.group\/aerospatial\/mro-mco-maintenance-aeronautique\/#article","isPartOf":{"@id":"https:\/\/humandesign.group\/aerospatial\/mro-mco-maintenance-aeronautique\/"},"author":{"name":"Human design Group","@id":"https:\/\/humandesign.group\/#\/schema\/person\/3466441463bc8fa40d127ed01a9fd239"},"headline":"MRO \/ MCO a\u00e9ronautique","datePublished":"2024-09-06T08:49:36+00:00","dateModified":"2025-03-06T16:01:22+00:00","mainEntityOfPage":{"@id":"https:\/\/humandesign.group\/aerospatial\/mro-mco-maintenance-aeronautique\/"},"wordCount":4,"publisher":{"@id":"https:\/\/humandesign.group\/#organization"},"image":{"@id":"https:\/\/humandesign.group\/aerospatial\/mro-mco-maintenance-aeronautique\/#primaryimage"},"thumbnailUrl":"https:\/\/humandesign.group\/wp-content\/uploads\/2024\/09\/HERO-MRO.png","inLanguage":"en-GB"},{"@type":"WebPage","@id":"https:\/\/humandesign.group\/aerospatial\/mro-mco-maintenance-aeronautique\/","url":"https:\/\/humandesign.group\/aerospatial\/mro-mco-maintenance-aeronautique\/","name":"MRO \/ MCO aeronautics - Human design Group","isPartOf":{"@id":"https:\/\/humandesign.group\/#website"},"primaryImageOfPage":{"@id":"https:\/\/humandesign.group\/aerospatial\/mro-mco-maintenance-aeronautique\/#primaryimage"},"image":{"@id":"https:\/\/humandesign.group\/aerospatial\/mro-mco-maintenance-aeronautique\/#primaryimage"},"thumbnailUrl":"https:\/\/humandesign.group\/wp-content\/uploads\/2024\/09\/HERO-MRO.png","datePublished":"2024-09-06T08:49:36+00:00","dateModified":"2025-03-06T16:01:22+00:00","description":"Human Design Group combines expertise in Human Factors and technological innovation to create tailor-made solutions to the challenges facing the MRO sector.","breadcrumb":{"@id":"https:\/\/humandesign.group\/aerospatial\/mro-mco-maintenance-aeronautique\/#breadcrumb"},"inLanguage":"en-GB","potentialAction":[{"@type":"ReadAction","target":["https:\/\/humandesign.group\/aerospatial\/mro-mco-maintenance-aeronautique\/"]}]},{"@type":"ImageObject","inLanguage":"en-GB","@id":"https:\/\/humandesign.group\/aerospatial\/mro-mco-maintenance-aeronautique\/#primaryimage","url":"https:\/\/humandesign.group\/wp-content\/uploads\/2024\/09\/HERO-MRO.png","contentUrl":"https:\/\/humandesign.group\/wp-content\/uploads\/2024\/09\/HERO-MRO.png","width":1951,"height":1246},{"@type":"BreadcrumbList","@id":"https:\/\/humandesign.group\/aerospatial\/mro-mco-maintenance-aeronautique\/#breadcrumb","itemListElement":[{"@type":"ListItem","position":1,"name":"Accueil","item":"https:\/\/humandesign.group\/"},{"@type":"ListItem","position":2,"name":"A\u00e9rospatial","item":"https:\/\/humandesign.group\/aerospatial\/"},{"@type":"ListItem","position":3,"name":"MRO \/ MCO a\u00e9ronautique"}]},{"@type":"WebSite","@id":"https:\/\/humandesign.group\/#website","url":"https:\/\/humandesign.group\/","name":"at Human design Group","description":"Human-centred value","publisher":{"@id":"https:\/\/humandesign.group\/#organization"},"potentialAction":[{"@type":"SearchAction","target":{"@type":"EntryPoint","urlTemplate":"https:\/\/humandesign.group\/?s={search_term_string}"},"query-input":{"@type":"PropertyValueSpecification","valueRequired":true,"valueName":"search_term_string"}}],"inLanguage":"en-GB"},{"@type":"Organization","@id":"https:\/\/humandesign.group\/#organization","name":"Human Design Group","url":"https:\/\/humandesign.group\/","logo":{"@type":"ImageObject","inLanguage":"en-GB","@id":"https:\/\/humandesign.group\/#\/schema\/logo\/image\/","url":"https:\/\/humandesign.group\/wp-content\/uploads\/2021\/03\/cropped-625x625-WPicons.png","contentUrl":"https:\/\/humandesign.group\/wp-content\/uploads\/2021\/03\/cropped-625x625-WPicons.png","width":512,"height":512,"caption":"Human Design Group"},"image":{"@id":"https:\/\/humandesign.group\/#\/schema\/logo\/image\/"},"sameAs":["https:\/\/x.com\/byHDGroup","https:\/\/www.linkedin.com\/company\/11247344\/","https:\/\/www.youtube.com\/channel\/UCEaSL9cWQPV8GbViMdSlrwA"]},{"@type":"Person","@id":"https:\/\/humandesign.group\/#\/schema\/person\/3466441463bc8fa40d127ed01a9fd239","name":"at Human design Group","image":{"@type":"ImageObject","inLanguage":"en-GB","@id":"https:\/\/secure.gravatar.com\/avatar\/6c83103485323b7127da778e358ce44bdf05dffc465ee346a9f41da6decf75ea?s=96&d=mm&r=g","url":"https:\/\/secure.gravatar.com\/avatar\/6c83103485323b7127da778e358ce44bdf05dffc465ee346a9f41da6decf75ea?s=96&d=mm&r=g","contentUrl":"https:\/\/secure.gravatar.com\/avatar\/6c83103485323b7127da778e358ce44bdf05dffc465ee346a9f41da6decf75ea?s=96&d=mm&r=g","caption":"Human design Group"},"sameAs":["http:\/\/staging.humandesign.group"]}]}},"_links":{"self":[{"href":"https:\/\/humandesign.group\/en\/wp-json\/wp\/v2\/pages\/19084","targetHints":{"allow":["GET"]}}],"collection":[{"href":"https:\/\/humandesign.group\/en\/wp-json\/wp\/v2\/pages"}],"about":[{"href":"https:\/\/humandesign.group\/en\/wp-json\/wp\/v2\/types\/page"}],"author":[{"embeddable":true,"href":"https:\/\/humandesign.group\/en\/wp-json\/wp\/v2\/users\/1"}],"replies":[{"embeddable":true,"href":"https:\/\/humandesign.group\/en\/wp-json\/wp\/v2\/comments?post=19084"}],"version-history":[{"count":0,"href":"https:\/\/humandesign.group\/en\/wp-json\/wp\/v2\/pages\/19084\/revisions"}],"up":[{"embeddable":true,"href":"https:\/\/humandesign.group\/en\/wp-json\/wp\/v2\/pages\/15491"}],"wp:featuredmedia":[{"embeddable":true,"href":"https:\/\/humandesign.group\/en\/wp-json\/wp\/v2\/media\/19088"}],"wp:attachment":[{"href":"https:\/\/humandesign.group\/en\/wp-json\/wp\/v2\/media?parent=19084"}],"wp:term":[{"taxonomy":"folder","embeddable":true,"href":"https:\/\/humandesign.group\/en\/wp-json\/wp\/v2\/folder?post=19084"}],"curies":[{"name":"wp","href":"https:\/\/api.w.org\/{rel}","templated":true}]}}