{"id":19603,"date":"2025-03-06T12:11:29","date_gmt":"2025-03-06T11:11:29","guid":{"rendered":"https:\/\/humandesign.group\/?page_id=19603"},"modified":"2026-03-06T11:21:44","modified_gmt":"2026-03-06T10:21:44","slug":"hidden-costs","status":"publish","type":"page","link":"https:\/\/humandesign.group\/en\/conseil\/amelioration-conditions-de-travail\/couts-caches\/","title":{"rendered":"Hidden costs"},"content":{"rendered":"","protected":false},"excerpt":{"rendered":"","protected":false},"author":1,"featured_media":13614,"parent":20569,"menu_order":0,"comment_status":"closed","ping_status":"closed","template":"","meta":{"footnotes":""},"folder":[48],"class_list":["post-19603","page","type-page","status-publish","has-post-thumbnail","hentry"],"yoast_head":"<!-- This site is optimized with the Yoast SEO plugin v27.5 - https:\/\/yoast.com\/product\/yoast-seo-wordpress\/ -->\n<title>Co\u00fbts cach\u00e9s - Human design Group<\/title>\n<meta name=\"description\" content=\"Saviez-vous que votre entreprise perd chaque ann\u00e9e des sommes importantes \u00e0 cause de co\u00fbts invisibles ?\" \/>\n<meta name=\"robots\" content=\"index, follow, max-snippet:-1, max-image-preview:large, max-video-preview:-1\" \/>\n<link rel=\"canonical\" href=\"https:\/\/humandesign.group\/en\/consulting\/improving-working-conditions\/hidden-costs\/\" \/>\n<meta property=\"og:locale\" content=\"en_GB\" \/>\n<meta property=\"og:type\" content=\"article\" \/>\n<meta property=\"og:title\" content=\"Co\u00fbts cach\u00e9s - Human design Group\" \/>\n<meta property=\"og:description\" content=\"Saviez-vous que votre entreprise perd chaque ann\u00e9e des sommes importantes \u00e0 cause de co\u00fbts invisibles ?\" \/>\n<meta property=\"og:url\" content=\"https:\/\/humandesign.group\/en\/consulting\/improving-working-conditions\/hidden-costs\/\" \/>\n<meta property=\"og:site_name\" content=\"Human design Group\" \/>\n<meta property=\"article:modified_time\" content=\"2026-03-06T10:21:44+00:00\" \/>\n<meta property=\"og:image\" content=\"https:\/\/humandesign.group\/wp-content\/uploads\/2021\/04\/625x625-WPicons.png\" \/>\n\t<meta property=\"og:image:width\" content=\"625\" \/>\n\t<meta property=\"og:image:height\" content=\"625\" \/>\n\t<meta property=\"og:image:type\" content=\"image\/png\" \/>\n<meta name=\"twitter:card\" content=\"summary_large_image\" \/>\n<meta name=\"twitter:site\" content=\"@byHDGroup\" \/>\n<meta name=\"twitter:label1\" content=\"Estimated reading time\" \/>\n\t<meta name=\"twitter:data1\" content=\"7 minutes\" \/>\n<script type=\"application\/ld+json\" class=\"yoast-schema-graph\">{\"@context\":\"https:\\\/\\\/schema.org\",\"@graph\":[{\"@type\":\"WebPage\",\"@id\":\"https:\\\/\\\/humandesign.group\\\/conseil\\\/amelioration-conditions-de-travail\\\/couts-caches\\\/\",\"url\":\"https:\\\/\\\/humandesign.group\\\/conseil\\\/amelioration-conditions-de-travail\\\/couts-caches\\\/\",\"name\":\"Co\u00fbts cach\u00e9s - Human design Group\",\"isPartOf\":{\"@id\":\"https:\\\/\\\/humandesign.group\\\/#website\"},\"primaryImageOfPage\":{\"@id\":\"https:\\\/\\\/humandesign.group\\\/conseil\\\/amelioration-conditions-de-travail\\\/couts-caches\\\/#primaryimage\"},\"image\":{\"@id\":\"https:\\\/\\\/humandesign.group\\\/conseil\\\/amelioration-conditions-de-travail\\\/couts-caches\\\/#primaryimage\"},\"thumbnailUrl\":\"https:\\\/\\\/humandesign.group\\\/wp-content\\\/uploads\\\/2021\\\/04\\\/625x625-WPicons.png\",\"datePublished\":\"2025-03-06T11:11:29+00:00\",\"dateModified\":\"2026-03-06T10:21:44+00:00\",\"description\":\"Saviez-vous que votre entreprise perd chaque ann\u00e9e des sommes importantes \u00e0 cause de co\u00fbts invisibles ?\",\"breadcrumb\":{\"@id\":\"https:\\\/\\\/humandesign.group\\\/conseil\\\/amelioration-conditions-de-travail\\\/couts-caches\\\/#breadcrumb\"},\"inLanguage\":\"en-GB\",\"potentialAction\":[{\"@type\":\"ReadAction\",\"target\":[\"https:\\\/\\\/humandesign.group\\\/conseil\\\/amelioration-conditions-de-travail\\\/couts-caches\\\/\"]}]},{\"@type\":\"ImageObject\",\"inLanguage\":\"en-GB\",\"@id\":\"https:\\\/\\\/humandesign.group\\\/conseil\\\/amelioration-conditions-de-travail\\\/couts-caches\\\/#primaryimage\",\"url\":\"https:\\\/\\\/humandesign.group\\\/wp-content\\\/uploads\\\/2021\\\/04\\\/625x625-WPicons.png\",\"contentUrl\":\"https:\\\/\\\/humandesign.group\\\/wp-content\\\/uploads\\\/2021\\\/04\\\/625x625-WPicons.png\",\"width\":625,\"height\":625},{\"@type\":\"BreadcrumbList\",\"@id\":\"https:\\\/\\\/humandesign.group\\\/conseil\\\/amelioration-conditions-de-travail\\\/couts-caches\\\/#breadcrumb\",\"itemListElement\":[{\"@type\":\"ListItem\",\"position\":1,\"name\":\"Accueil\",\"item\":\"https:\\\/\\\/humandesign.group\\\/\"},{\"@type\":\"ListItem\",\"position\":2,\"name\":\"Conseil\",\"item\":\"https:\\\/\\\/humandesign.group\\\/conseil\\\/\"},{\"@type\":\"ListItem\",\"position\":3,\"name\":\"Conditions de travail\",\"item\":\"https:\\\/\\\/humandesign.group\\\/conseil\\\/amelioration-conditions-de-travail\\\/\"},{\"@type\":\"ListItem\",\"position\":4,\"name\":\"Co\u00fbts cach\u00e9s\"}]},{\"@type\":\"WebSite\",\"@id\":\"https:\\\/\\\/humandesign.group\\\/#website\",\"url\":\"https:\\\/\\\/humandesign.group\\\/\",\"name\":\"Human design Group\",\"description\":\"La valeur centr\u00e9e humain\",\"publisher\":{\"@id\":\"https:\\\/\\\/humandesign.group\\\/#organization\"},\"potentialAction\":[{\"@type\":\"SearchAction\",\"target\":{\"@type\":\"EntryPoint\",\"urlTemplate\":\"https:\\\/\\\/humandesign.group\\\/?s={search_term_string}\"},\"query-input\":{\"@type\":\"PropertyValueSpecification\",\"valueRequired\":true,\"valueName\":\"search_term_string\"}}],\"inLanguage\":\"en-GB\"},{\"@type\":\"Organization\",\"@id\":\"https:\\\/\\\/humandesign.group\\\/#organization\",\"name\":\"Human Design Group\",\"url\":\"https:\\\/\\\/humandesign.group\\\/\",\"logo\":{\"@type\":\"ImageObject\",\"inLanguage\":\"en-GB\",\"@id\":\"https:\\\/\\\/humandesign.group\\\/#\\\/schema\\\/logo\\\/image\\\/\",\"url\":\"https:\\\/\\\/humandesign.group\\\/wp-content\\\/uploads\\\/2021\\\/03\\\/cropped-625x625-WPicons.png\",\"contentUrl\":\"https:\\\/\\\/humandesign.group\\\/wp-content\\\/uploads\\\/2021\\\/03\\\/cropped-625x625-WPicons.png\",\"width\":512,\"height\":512,\"caption\":\"Human Design Group\"},\"image\":{\"@id\":\"https:\\\/\\\/humandesign.group\\\/#\\\/schema\\\/logo\\\/image\\\/\"},\"sameAs\":[\"https:\\\/\\\/x.com\\\/byHDGroup\",\"https:\\\/\\\/www.linkedin.com\\\/company\\\/11247344\\\/\",\"https:\\\/\\\/www.youtube.com\\\/channel\\\/UCEaSL9cWQPV8GbViMdSlrwA\"]}]}<\/script>\n<!-- \/ Yoast SEO plugin. -->","yoast_head_json":{"title":"Hidden costs - Human design Group","description":"Did you know that your company loses significant amounts of money every year through invisible costs?","robots":{"index":"index","follow":"follow","max-snippet":"max-snippet:-1","max-image-preview":"max-image-preview:large","max-video-preview":"max-video-preview:-1"},"canonical":"https:\/\/humandesign.group\/en\/consulting\/improving-working-conditions\/hidden-costs\/","og_locale":"en_GB","og_type":"article","og_title":"Co\u00fbts cach\u00e9s - Human design Group","og_description":"Saviez-vous que votre entreprise perd chaque ann\u00e9e des sommes importantes \u00e0 cause de co\u00fbts invisibles ?","og_url":"https:\/\/humandesign.group\/en\/consulting\/improving-working-conditions\/hidden-costs\/","og_site_name":"Human design Group","article_modified_time":"2026-03-06T10:21:44+00:00","og_image":[{"width":625,"height":625,"url":"https:\/\/humandesign.group\/wp-content\/uploads\/2021\/04\/625x625-WPicons.png","type":"image\/png"}],"twitter_card":"summary_large_image","twitter_site":"@byHDGroup","twitter_misc":{"Estimated reading time":"7 minutes"},"schema":{"@context":"https:\/\/schema.org","@graph":[{"@type":"WebPage","@id":"https:\/\/humandesign.group\/conseil\/amelioration-conditions-de-travail\/couts-caches\/","url":"https:\/\/humandesign.group\/conseil\/amelioration-conditions-de-travail\/couts-caches\/","name":"Hidden costs - Human design Group","isPartOf":{"@id":"https:\/\/humandesign.group\/#website"},"primaryImageOfPage":{"@id":"https:\/\/humandesign.group\/conseil\/amelioration-conditions-de-travail\/couts-caches\/#primaryimage"},"image":{"@id":"https:\/\/humandesign.group\/conseil\/amelioration-conditions-de-travail\/couts-caches\/#primaryimage"},"thumbnailUrl":"https:\/\/humandesign.group\/wp-content\/uploads\/2021\/04\/625x625-WPicons.png","datePublished":"2025-03-06T11:11:29+00:00","dateModified":"2026-03-06T10:21:44+00:00","description":"Did you know that your company loses significant amounts of money every year through invisible costs?","breadcrumb":{"@id":"https:\/\/humandesign.group\/conseil\/amelioration-conditions-de-travail\/couts-caches\/#breadcrumb"},"inLanguage":"en-GB","potentialAction":[{"@type":"ReadAction","target":["https:\/\/humandesign.group\/conseil\/amelioration-conditions-de-travail\/couts-caches\/"]}]},{"@type":"ImageObject","inLanguage":"en-GB","@id":"https:\/\/humandesign.group\/conseil\/amelioration-conditions-de-travail\/couts-caches\/#primaryimage","url":"https:\/\/humandesign.group\/wp-content\/uploads\/2021\/04\/625x625-WPicons.png","contentUrl":"https:\/\/humandesign.group\/wp-content\/uploads\/2021\/04\/625x625-WPicons.png","width":625,"height":625},{"@type":"BreadcrumbList","@id":"https:\/\/humandesign.group\/conseil\/amelioration-conditions-de-travail\/couts-caches\/#breadcrumb","itemListElement":[{"@type":"ListItem","position":1,"name":"Accueil","item":"https:\/\/humandesign.group\/"},{"@type":"ListItem","position":2,"name":"Conseil","item":"https:\/\/humandesign.group\/conseil\/"},{"@type":"ListItem","position":3,"name":"Conditions de travail","item":"https:\/\/humandesign.group\/conseil\/amelioration-conditions-de-travail\/"},{"@type":"ListItem","position":4,"name":"Co\u00fbts cach\u00e9s"}]},{"@type":"WebSite","@id":"https:\/\/humandesign.group\/#website","url":"https:\/\/humandesign.group\/","name":"at Human design Group","description":"Human-centred value","publisher":{"@id":"https:\/\/humandesign.group\/#organization"},"potentialAction":[{"@type":"SearchAction","target":{"@type":"EntryPoint","urlTemplate":"https:\/\/humandesign.group\/?s={search_term_string}"},"query-input":{"@type":"PropertyValueSpecification","valueRequired":true,"valueName":"search_term_string"}}],"inLanguage":"en-GB"},{"@type":"Organization","@id":"https:\/\/humandesign.group\/#organization","name":"Human Design Group","url":"https:\/\/humandesign.group\/","logo":{"@type":"ImageObject","inLanguage":"en-GB","@id":"https:\/\/humandesign.group\/#\/schema\/logo\/image\/","url":"https:\/\/humandesign.group\/wp-content\/uploads\/2021\/03\/cropped-625x625-WPicons.png","contentUrl":"https:\/\/humandesign.group\/wp-content\/uploads\/2021\/03\/cropped-625x625-WPicons.png","width":512,"height":512,"caption":"Human Design Group"},"image":{"@id":"https:\/\/humandesign.group\/#\/schema\/logo\/image\/"},"sameAs":["https:\/\/x.com\/byHDGroup","https:\/\/www.linkedin.com\/company\/11247344\/","https:\/\/www.youtube.com\/channel\/UCEaSL9cWQPV8GbViMdSlrwA"]}]}},"_links":{"self":[{"href":"https:\/\/humandesign.group\/en\/wp-json\/wp\/v2\/pages\/19603","targetHints":{"allow":["GET"]}}],"collection":[{"href":"https:\/\/humandesign.group\/en\/wp-json\/wp\/v2\/pages"}],"about":[{"href":"https:\/\/humandesign.group\/en\/wp-json\/wp\/v2\/types\/page"}],"author":[{"embeddable":true,"href":"https:\/\/humandesign.group\/en\/wp-json\/wp\/v2\/users\/1"}],"replies":[{"embeddable":true,"href":"https:\/\/humandesign.group\/en\/wp-json\/wp\/v2\/comments?post=19603"}],"version-history":[{"count":5,"href":"https:\/\/humandesign.group\/en\/wp-json\/wp\/v2\/pages\/19603\/revisions"}],"predecessor-version":[{"id":21279,"href":"https:\/\/humandesign.group\/en\/wp-json\/wp\/v2\/pages\/19603\/revisions\/21279"}],"up":[{"embeddable":true,"href":"https:\/\/humandesign.group\/en\/wp-json\/wp\/v2\/pages\/20569"}],"wp:featuredmedia":[{"embeddable":true,"href":"https:\/\/humandesign.group\/en\/wp-json\/wp\/v2\/media\/13614"}],"wp:attachment":[{"href":"https:\/\/humandesign.group\/en\/wp-json\/wp\/v2\/media?parent=19603"}],"wp:term":[{"taxonomy":"folder","embeddable":true,"href":"https:\/\/humandesign.group\/en\/wp-json\/wp\/v2\/folder?post=19603"}],"curies":[{"name":"wp","href":"https:\/\/api.w.org\/{rel}","templated":true}]}}