{"id":19772,"date":"2025-06-25T15:36:12","date_gmt":"2025-06-25T13:36:12","guid":{"rendered":"https:\/\/staging.humandesign.group\/?page_id=19772"},"modified":"2026-01-29T15:31:31","modified_gmt":"2026-01-29T14:31:31","slug":"transformation-of-working-conditions","status":"publish","type":"page","link":"https:\/\/humandesign.group\/en\/conseil\/amelioration-conditions-de-travail\/transformation-des-conditions-de-travail\/","title":{"rendered":"Ergonomics at work"},"content":{"rendered":"","protected":false},"excerpt":{"rendered":"","protected":false},"author":3,"featured_media":19905,"parent":20569,"menu_order":0,"comment_status":"closed","ping_status":"closed","template":"","meta":{"footnotes":""},"folder":[48],"class_list":["post-19772","page","type-page","status-publish","has-post-thumbnail","hentry"],"yoast_head":"<!-- This site is optimized with the Yoast SEO plugin v27.5 - https:\/\/yoast.com\/product\/yoast-seo-wordpress\/ -->\n<title>Ergonomie au travail - Human design Group<\/title>\n<meta name=\"description\" content=\"Human Design Group allie expertise en Facteurs Humains et innovation technologique pour cr\u00e9er des r\u00e9ponses sur mesure aux d\u00e9fis du MRO.\" \/>\n<meta name=\"robots\" content=\"index, follow, max-snippet:-1, max-image-preview:large, max-video-preview:-1\" \/>\n<link rel=\"canonical\" href=\"https:\/\/humandesign.group\/en\/consulting\/improving-working-conditions\/transformation-of-working-conditions\/\" \/>\n<meta property=\"og:locale\" content=\"en_GB\" \/>\n<meta property=\"og:type\" content=\"article\" \/>\n<meta property=\"og:title\" content=\"R\u00e9pondre aux enjeux humains de la maintenance a\u00e9ronautique\" \/>\n<meta property=\"og:description\" content=\"Human Design Group allie expertise en Facteurs Humains et innovation technologique pour cr\u00e9er des solutions sur mesure aux d\u00e9fis du MRO.\" \/>\n<meta property=\"og:url\" content=\"https:\/\/humandesign.group\/en\/consulting\/improving-working-conditions\/transformation-of-working-conditions\/\" \/>\n<meta property=\"og:site_name\" content=\"Human design Group\" \/>\n<meta property=\"article:modified_time\" content=\"2026-01-29T14:31:31+00:00\" \/>\n<meta property=\"og:image\" content=\"https:\/\/humandesign.group\/wp-content\/uploads\/2023\/11\/Indsutrie-HERO2.jpg\" \/>\n\t<meta property=\"og:image:width\" content=\"1951\" \/>\n\t<meta property=\"og:image:height\" content=\"1246\" \/>\n\t<meta property=\"og:image:type\" content=\"image\/jpeg\" \/>\n<meta name=\"twitter:card\" content=\"summary_large_image\" \/>\n<meta name=\"twitter:site\" content=\"@byHDGroup\" \/>\n<meta name=\"twitter:label1\" content=\"Estimated reading time\" \/>\n\t<meta name=\"twitter:data1\" content=\"14 minutes\" \/>\n<script type=\"application\/ld+json\" class=\"yoast-schema-graph\">{\"@context\":\"https:\\\/\\\/schema.org\",\"@graph\":[{\"@type\":\"AdvertiserContentArticle\",\"@id\":\"https:\\\/\\\/humandesign.group\\\/conseil\\\/amelioration-conditions-de-travail\\\/transformation-des-conditions-de-travail\\\/#article\",\"isPartOf\":{\"@id\":\"https:\\\/\\\/humandesign.group\\\/conseil\\\/amelioration-conditions-de-travail\\\/transformation-des-conditions-de-travail\\\/\"},\"author\":{\"name\":\"Vincent Nunes\",\"@id\":\"https:\\\/\\\/humandesign.group\\\/#\\\/schema\\\/person\\\/1d9b32f627d78f44d14eb128f261447e\"},\"headline\":\"Ergonomie au travail\",\"datePublished\":\"2025-06-25T13:36:12+00:00\",\"dateModified\":\"2026-01-29T14:31:31+00:00\",\"mainEntityOfPage\":{\"@id\":\"https:\\\/\\\/humandesign.group\\\/conseil\\\/amelioration-conditions-de-travail\\\/transformation-des-conditions-de-travail\\\/\"},\"wordCount\":3,\"publisher\":{\"@id\":\"https:\\\/\\\/humandesign.group\\\/#organization\"},\"image\":{\"@id\":\"https:\\\/\\\/humandesign.group\\\/conseil\\\/amelioration-conditions-de-travail\\\/transformation-des-conditions-de-travail\\\/#primaryimage\"},\"thumbnailUrl\":\"https:\\\/\\\/humandesign.group\\\/wp-content\\\/uploads\\\/2025\\\/06\\\/vig-conditions-de-travail.jpg\",\"inLanguage\":\"en-GB\"},{\"@type\":\"WebPage\",\"@id\":\"https:\\\/\\\/humandesign.group\\\/conseil\\\/amelioration-conditions-de-travail\\\/transformation-des-conditions-de-travail\\\/\",\"url\":\"https:\\\/\\\/humandesign.group\\\/conseil\\\/amelioration-conditions-de-travail\\\/transformation-des-conditions-de-travail\\\/\",\"name\":\"Ergonomie au travail - Human design Group\",\"isPartOf\":{\"@id\":\"https:\\\/\\\/humandesign.group\\\/#website\"},\"primaryImageOfPage\":{\"@id\":\"https:\\\/\\\/humandesign.group\\\/conseil\\\/amelioration-conditions-de-travail\\\/transformation-des-conditions-de-travail\\\/#primaryimage\"},\"image\":{\"@id\":\"https:\\\/\\\/humandesign.group\\\/conseil\\\/amelioration-conditions-de-travail\\\/transformation-des-conditions-de-travail\\\/#primaryimage\"},\"thumbnailUrl\":\"https:\\\/\\\/humandesign.group\\\/wp-content\\\/uploads\\\/2025\\\/06\\\/vig-conditions-de-travail.jpg\",\"datePublished\":\"2025-06-25T13:36:12+00:00\",\"dateModified\":\"2026-01-29T14:31:31+00:00\",\"description\":\"Human Design Group allie expertise en Facteurs Humains et innovation technologique pour cr\u00e9er des r\u00e9ponses sur mesure aux d\u00e9fis du MRO.\",\"breadcrumb\":{\"@id\":\"https:\\\/\\\/humandesign.group\\\/conseil\\\/amelioration-conditions-de-travail\\\/transformation-des-conditions-de-travail\\\/#breadcrumb\"},\"inLanguage\":\"en-GB\",\"potentialAction\":[{\"@type\":\"ReadAction\",\"target\":[\"https:\\\/\\\/humandesign.group\\\/conseil\\\/amelioration-conditions-de-travail\\\/transformation-des-conditions-de-travail\\\/\"]}]},{\"@type\":\"ImageObject\",\"inLanguage\":\"en-GB\",\"@id\":\"https:\\\/\\\/humandesign.group\\\/conseil\\\/amelioration-conditions-de-travail\\\/transformation-des-conditions-de-travail\\\/#primaryimage\",\"url\":\"https:\\\/\\\/humandesign.group\\\/wp-content\\\/uploads\\\/2025\\\/06\\\/vig-conditions-de-travail.jpg\",\"contentUrl\":\"https:\\\/\\\/humandesign.group\\\/wp-content\\\/uploads\\\/2025\\\/06\\\/vig-conditions-de-travail.jpg\",\"width\":1154,\"height\":579},{\"@type\":\"BreadcrumbList\",\"@id\":\"https:\\\/\\\/humandesign.group\\\/conseil\\\/amelioration-conditions-de-travail\\\/transformation-des-conditions-de-travail\\\/#breadcrumb\",\"itemListElement\":[{\"@type\":\"ListItem\",\"position\":1,\"name\":\"Accueil\",\"item\":\"https:\\\/\\\/humandesign.group\\\/\"},{\"@type\":\"ListItem\",\"position\":2,\"name\":\"Conseil\",\"item\":\"https:\\\/\\\/humandesign.group\\\/conseil\\\/\"},{\"@type\":\"ListItem\",\"position\":3,\"name\":\"Conditions de travail\",\"item\":\"https:\\\/\\\/humandesign.group\\\/conseil\\\/amelioration-conditions-de-travail\\\/\"},{\"@type\":\"ListItem\",\"position\":4,\"name\":\"Ergonomie au travail\"}]},{\"@type\":\"WebSite\",\"@id\":\"https:\\\/\\\/humandesign.group\\\/#website\",\"url\":\"https:\\\/\\\/humandesign.group\\\/\",\"name\":\"Human design Group\",\"description\":\"La valeur centr\u00e9e humain\",\"publisher\":{\"@id\":\"https:\\\/\\\/humandesign.group\\\/#organization\"},\"potentialAction\":[{\"@type\":\"SearchAction\",\"target\":{\"@type\":\"EntryPoint\",\"urlTemplate\":\"https:\\\/\\\/humandesign.group\\\/?s={search_term_string}\"},\"query-input\":{\"@type\":\"PropertyValueSpecification\",\"valueRequired\":true,\"valueName\":\"search_term_string\"}}],\"inLanguage\":\"en-GB\"},{\"@type\":\"Organization\",\"@id\":\"https:\\\/\\\/humandesign.group\\\/#organization\",\"name\":\"Human Design Group\",\"url\":\"https:\\\/\\\/humandesign.group\\\/\",\"logo\":{\"@type\":\"ImageObject\",\"inLanguage\":\"en-GB\",\"@id\":\"https:\\\/\\\/humandesign.group\\\/#\\\/schema\\\/logo\\\/image\\\/\",\"url\":\"https:\\\/\\\/humandesign.group\\\/wp-content\\\/uploads\\\/2021\\\/03\\\/cropped-625x625-WPicons.png\",\"contentUrl\":\"https:\\\/\\\/humandesign.group\\\/wp-content\\\/uploads\\\/2021\\\/03\\\/cropped-625x625-WPicons.png\",\"width\":512,\"height\":512,\"caption\":\"Human Design Group\"},\"image\":{\"@id\":\"https:\\\/\\\/humandesign.group\\\/#\\\/schema\\\/logo\\\/image\\\/\"},\"sameAs\":[\"https:\\\/\\\/x.com\\\/byHDGroup\",\"https:\\\/\\\/www.linkedin.com\\\/company\\\/11247344\\\/\",\"https:\\\/\\\/www.youtube.com\\\/channel\\\/UCEaSL9cWQPV8GbViMdSlrwA\"]},{\"@type\":\"Person\",\"@id\":\"https:\\\/\\\/humandesign.group\\\/#\\\/schema\\\/person\\\/1d9b32f627d78f44d14eb128f261447e\",\"name\":\"Vincent Nunes\",\"image\":{\"@type\":\"ImageObject\",\"inLanguage\":\"en-GB\",\"@id\":\"https:\\\/\\\/secure.gravatar.com\\\/avatar\\\/bf6f2f0171748931c049674f6c338e553d79cd455373d58f9bef4d05fa9825e1?s=96&d=mm&r=g\",\"url\":\"https:\\\/\\\/secure.gravatar.com\\\/avatar\\\/bf6f2f0171748931c049674f6c338e553d79cd455373d58f9bef4d05fa9825e1?s=96&d=mm&r=g\",\"contentUrl\":\"https:\\\/\\\/secure.gravatar.com\\\/avatar\\\/bf6f2f0171748931c049674f6c338e553d79cd455373d58f9bef4d05fa9825e1?s=96&d=mm&r=g\",\"caption\":\"Vincent Nunes\"}}]}<\/script>\n<!-- \/ Yoast SEO plugin. -->","yoast_head_json":{"title":"Ergonomics at work - Human design Group","description":"Human Design Group combines expertise in Human Factors and technological innovation to create tailor-made solutions to the challenges facing the MRO sector.","robots":{"index":"index","follow":"follow","max-snippet":"max-snippet:-1","max-image-preview":"max-image-preview:large","max-video-preview":"max-video-preview:-1"},"canonical":"https:\/\/humandesign.group\/en\/consulting\/improving-working-conditions\/transformation-of-working-conditions\/","og_locale":"en_GB","og_type":"article","og_title":"R\u00e9pondre aux enjeux humains de la maintenance a\u00e9ronautique","og_description":"Human Design Group allie expertise en Facteurs Humains et innovation technologique pour cr\u00e9er des solutions sur mesure aux d\u00e9fis du MRO.","og_url":"https:\/\/humandesign.group\/en\/consulting\/improving-working-conditions\/transformation-of-working-conditions\/","og_site_name":"Human design Group","article_modified_time":"2026-01-29T14:31:31+00:00","og_image":[{"width":1951,"height":1246,"url":"https:\/\/humandesign.group\/wp-content\/uploads\/2023\/11\/Indsutrie-HERO2.jpg","type":"image\/jpeg"}],"twitter_card":"summary_large_image","twitter_site":"@byHDGroup","twitter_misc":{"Estimated reading time":"14 minutes"},"schema":{"@context":"https:\/\/schema.org","@graph":[{"@type":"AdvertiserContentArticle","@id":"https:\/\/humandesign.group\/conseil\/amelioration-conditions-de-travail\/transformation-des-conditions-de-travail\/#article","isPartOf":{"@id":"https:\/\/humandesign.group\/conseil\/amelioration-conditions-de-travail\/transformation-des-conditions-de-travail\/"},"author":{"name":"Vincent Nunes","@id":"https:\/\/humandesign.group\/#\/schema\/person\/1d9b32f627d78f44d14eb128f261447e"},"headline":"Ergonomie au travail","datePublished":"2025-06-25T13:36:12+00:00","dateModified":"2026-01-29T14:31:31+00:00","mainEntityOfPage":{"@id":"https:\/\/humandesign.group\/conseil\/amelioration-conditions-de-travail\/transformation-des-conditions-de-travail\/"},"wordCount":3,"publisher":{"@id":"https:\/\/humandesign.group\/#organization"},"image":{"@id":"https:\/\/humandesign.group\/conseil\/amelioration-conditions-de-travail\/transformation-des-conditions-de-travail\/#primaryimage"},"thumbnailUrl":"https:\/\/humandesign.group\/wp-content\/uploads\/2025\/06\/vig-conditions-de-travail.jpg","inLanguage":"en-GB"},{"@type":"WebPage","@id":"https:\/\/humandesign.group\/conseil\/amelioration-conditions-de-travail\/transformation-des-conditions-de-travail\/","url":"https:\/\/humandesign.group\/conseil\/amelioration-conditions-de-travail\/transformation-des-conditions-de-travail\/","name":"Ergonomics at work - Human design Group","isPartOf":{"@id":"https:\/\/humandesign.group\/#website"},"primaryImageOfPage":{"@id":"https:\/\/humandesign.group\/conseil\/amelioration-conditions-de-travail\/transformation-des-conditions-de-travail\/#primaryimage"},"image":{"@id":"https:\/\/humandesign.group\/conseil\/amelioration-conditions-de-travail\/transformation-des-conditions-de-travail\/#primaryimage"},"thumbnailUrl":"https:\/\/humandesign.group\/wp-content\/uploads\/2025\/06\/vig-conditions-de-travail.jpg","datePublished":"2025-06-25T13:36:12+00:00","dateModified":"2026-01-29T14:31:31+00:00","description":"Human Design Group combines expertise in Human Factors and technological innovation to create tailor-made solutions to the challenges facing the MRO sector.","breadcrumb":{"@id":"https:\/\/humandesign.group\/conseil\/amelioration-conditions-de-travail\/transformation-des-conditions-de-travail\/#breadcrumb"},"inLanguage":"en-GB","potentialAction":[{"@type":"ReadAction","target":["https:\/\/humandesign.group\/conseil\/amelioration-conditions-de-travail\/transformation-des-conditions-de-travail\/"]}]},{"@type":"ImageObject","inLanguage":"en-GB","@id":"https:\/\/humandesign.group\/conseil\/amelioration-conditions-de-travail\/transformation-des-conditions-de-travail\/#primaryimage","url":"https:\/\/humandesign.group\/wp-content\/uploads\/2025\/06\/vig-conditions-de-travail.jpg","contentUrl":"https:\/\/humandesign.group\/wp-content\/uploads\/2025\/06\/vig-conditions-de-travail.jpg","width":1154,"height":579},{"@type":"BreadcrumbList","@id":"https:\/\/humandesign.group\/conseil\/amelioration-conditions-de-travail\/transformation-des-conditions-de-travail\/#breadcrumb","itemListElement":[{"@type":"ListItem","position":1,"name":"Accueil","item":"https:\/\/humandesign.group\/"},{"@type":"ListItem","position":2,"name":"Conseil","item":"https:\/\/humandesign.group\/conseil\/"},{"@type":"ListItem","position":3,"name":"Conditions de travail","item":"https:\/\/humandesign.group\/conseil\/amelioration-conditions-de-travail\/"},{"@type":"ListItem","position":4,"name":"Ergonomie au travail"}]},{"@type":"WebSite","@id":"https:\/\/humandesign.group\/#website","url":"https:\/\/humandesign.group\/","name":"at Human design Group","description":"Human-centred value","publisher":{"@id":"https:\/\/humandesign.group\/#organization"},"potentialAction":[{"@type":"SearchAction","target":{"@type":"EntryPoint","urlTemplate":"https:\/\/humandesign.group\/?s={search_term_string}"},"query-input":{"@type":"PropertyValueSpecification","valueRequired":true,"valueName":"search_term_string"}}],"inLanguage":"en-GB"},{"@type":"Organization","@id":"https:\/\/humandesign.group\/#organization","name":"Human Design Group","url":"https:\/\/humandesign.group\/","logo":{"@type":"ImageObject","inLanguage":"en-GB","@id":"https:\/\/humandesign.group\/#\/schema\/logo\/image\/","url":"https:\/\/humandesign.group\/wp-content\/uploads\/2021\/03\/cropped-625x625-WPicons.png","contentUrl":"https:\/\/humandesign.group\/wp-content\/uploads\/2021\/03\/cropped-625x625-WPicons.png","width":512,"height":512,"caption":"Human Design Group"},"image":{"@id":"https:\/\/humandesign.group\/#\/schema\/logo\/image\/"},"sameAs":["https:\/\/x.com\/byHDGroup","https:\/\/www.linkedin.com\/company\/11247344\/","https:\/\/www.youtube.com\/channel\/UCEaSL9cWQPV8GbViMdSlrwA"]},{"@type":"Person","@id":"https:\/\/humandesign.group\/#\/schema\/person\/1d9b32f627d78f44d14eb128f261447e","name":"Vincent Nunes","image":{"@type":"ImageObject","inLanguage":"en-GB","@id":"https:\/\/secure.gravatar.com\/avatar\/bf6f2f0171748931c049674f6c338e553d79cd455373d58f9bef4d05fa9825e1?s=96&d=mm&r=g","url":"https:\/\/secure.gravatar.com\/avatar\/bf6f2f0171748931c049674f6c338e553d79cd455373d58f9bef4d05fa9825e1?s=96&d=mm&r=g","contentUrl":"https:\/\/secure.gravatar.com\/avatar\/bf6f2f0171748931c049674f6c338e553d79cd455373d58f9bef4d05fa9825e1?s=96&d=mm&r=g","caption":"Vincent Nunes"}}]}},"_links":{"self":[{"href":"https:\/\/humandesign.group\/en\/wp-json\/wp\/v2\/pages\/19772","targetHints":{"allow":["GET"]}}],"collection":[{"href":"https:\/\/humandesign.group\/en\/wp-json\/wp\/v2\/pages"}],"about":[{"href":"https:\/\/humandesign.group\/en\/wp-json\/wp\/v2\/types\/page"}],"author":[{"embeddable":true,"href":"https:\/\/humandesign.group\/en\/wp-json\/wp\/v2\/users\/3"}],"replies":[{"embeddable":true,"href":"https:\/\/humandesign.group\/en\/wp-json\/wp\/v2\/comments?post=19772"}],"version-history":[{"count":5,"href":"https:\/\/humandesign.group\/en\/wp-json\/wp\/v2\/pages\/19772\/revisions"}],"predecessor-version":[{"id":20614,"href":"https:\/\/humandesign.group\/en\/wp-json\/wp\/v2\/pages\/19772\/revisions\/20614"}],"up":[{"embeddable":true,"href":"https:\/\/humandesign.group\/en\/wp-json\/wp\/v2\/pages\/20569"}],"wp:featuredmedia":[{"embeddable":true,"href":"https:\/\/humandesign.group\/en\/wp-json\/wp\/v2\/media\/19905"}],"wp:attachment":[{"href":"https:\/\/humandesign.group\/en\/wp-json\/wp\/v2\/media?parent=19772"}],"wp:term":[{"taxonomy":"folder","embeddable":true,"href":"https:\/\/humandesign.group\/en\/wp-json\/wp\/v2\/folder?post=19772"}],"curies":[{"name":"wp","href":"https:\/\/api.w.org\/{rel}","templated":true}]}}