{"id":20569,"date":"2026-01-29T15:31:04","date_gmt":"2026-01-29T14:31:04","guid":{"rendered":"https:\/\/staging.humandesign.group\/?page_id=20569"},"modified":"2026-04-24T10:21:51","modified_gmt":"2026-04-24T08:21:51","slug":"improving-working-conditions","status":"publish","type":"page","link":"https:\/\/humandesign.group\/en\/conseil\/amelioration-conditions-de-travail\/","title":{"rendered":"Working conditions"},"content":{"rendered":"","protected":false},"excerpt":{"rendered":"","protected":false},"author":3,"featured_media":20604,"parent":17107,"menu_order":0,"comment_status":"closed","ping_status":"closed","template":"","meta":{"footnotes":""},"folder":[49,48],"class_list":["post-20569","page","type-page","status-publish","has-post-thumbnail","hentry"],"yoast_head":"<!-- This site is optimized with the Yoast SEO plugin v27.5 - https:\/\/yoast.com\/product\/yoast-seo-wordpress\/ -->\n<title>Conditions de travail - Human design Group<\/title>\n<meta name=\"description\" content=\"R\u00e9pondre aux enjeux de l&#039;entreprise, du collectif m\u00e9tier et de l&#039;individu concernant les conditions de travail avec nos accompagnements sur diff\u00e9rentes axes.\" \/>\n<meta name=\"robots\" content=\"index, follow, max-snippet:-1, max-image-preview:large, max-video-preview:-1\" \/>\n<link rel=\"canonical\" href=\"https:\/\/humandesign.group\/en\/consulting\/improving-working-conditions\/\" \/>\n<meta property=\"og:locale\" content=\"en_GB\" \/>\n<meta property=\"og:type\" content=\"article\" \/>\n<meta property=\"og:title\" content=\"Conditions de travail - Human design Group\" \/>\n<meta property=\"og:description\" content=\"R\u00e9pondre aux enjeux de l&#039;entreprise, du collectif m\u00e9tier et de l&#039;individu concernant les conditions de travail avec nos accompagnements sur diff\u00e9rentes axes.\" \/>\n<meta property=\"og:url\" content=\"https:\/\/humandesign.group\/en\/consulting\/improving-working-conditions\/\" \/>\n<meta property=\"og:site_name\" content=\"Human design Group\" \/>\n<meta property=\"article:modified_time\" content=\"2026-04-24T08:21:51+00:00\" \/>\n<meta property=\"og:image\" content=\"https:\/\/humandesign.group\/wp-content\/uploads\/2026\/01\/hero-conditions-de-travail-1024x576.png\" \/>\n\t<meta property=\"og:image:width\" content=\"1024\" \/>\n\t<meta property=\"og:image:height\" content=\"576\" \/>\n\t<meta property=\"og:image:type\" content=\"image\/png\" \/>\n<meta name=\"twitter:card\" content=\"summary_large_image\" \/>\n<meta name=\"twitter:site\" content=\"@byHDGroup\" \/>\n<meta name=\"twitter:label1\" content=\"Estimated reading time\" \/>\n\t<meta name=\"twitter:data1\" content=\"8 minutes\" \/>\n<script type=\"application\/ld+json\" class=\"yoast-schema-graph\">{\"@context\":\"https:\\\/\\\/schema.org\",\"@graph\":[{\"@type\":\"WebPage\",\"@id\":\"https:\\\/\\\/humandesign.group\\\/conseil\\\/amelioration-conditions-de-travail\\\/\",\"url\":\"https:\\\/\\\/humandesign.group\\\/conseil\\\/amelioration-conditions-de-travail\\\/\",\"name\":\"Conditions de travail - Human design Group\",\"isPartOf\":{\"@id\":\"https:\\\/\\\/humandesign.group\\\/#website\"},\"primaryImageOfPage\":{\"@id\":\"https:\\\/\\\/humandesign.group\\\/conseil\\\/amelioration-conditions-de-travail\\\/#primaryimage\"},\"image\":{\"@id\":\"https:\\\/\\\/humandesign.group\\\/conseil\\\/amelioration-conditions-de-travail\\\/#primaryimage\"},\"thumbnailUrl\":\"https:\\\/\\\/humandesign.group\\\/wp-content\\\/uploads\\\/2026\\\/01\\\/hero-conditions-de-travail-scaled.png\",\"datePublished\":\"2026-01-29T14:31:04+00:00\",\"dateModified\":\"2026-04-24T08:21:51+00:00\",\"description\":\"R\u00e9pondre aux enjeux de l'entreprise, du collectif m\u00e9tier et de l'individu concernant les conditions de travail avec nos accompagnements sur diff\u00e9rentes axes.\",\"breadcrumb\":{\"@id\":\"https:\\\/\\\/humandesign.group\\\/conseil\\\/amelioration-conditions-de-travail\\\/#breadcrumb\"},\"inLanguage\":\"en-GB\",\"potentialAction\":[{\"@type\":\"ReadAction\",\"target\":[\"https:\\\/\\\/humandesign.group\\\/conseil\\\/amelioration-conditions-de-travail\\\/\"]}]},{\"@type\":\"ImageObject\",\"inLanguage\":\"en-GB\",\"@id\":\"https:\\\/\\\/humandesign.group\\\/conseil\\\/amelioration-conditions-de-travail\\\/#primaryimage\",\"url\":\"https:\\\/\\\/humandesign.group\\\/wp-content\\\/uploads\\\/2026\\\/01\\\/hero-conditions-de-travail-scaled.png\",\"contentUrl\":\"https:\\\/\\\/humandesign.group\\\/wp-content\\\/uploads\\\/2026\\\/01\\\/hero-conditions-de-travail-scaled.png\",\"width\":2560,\"height\":1440},{\"@type\":\"BreadcrumbList\",\"@id\":\"https:\\\/\\\/humandesign.group\\\/conseil\\\/amelioration-conditions-de-travail\\\/#breadcrumb\",\"itemListElement\":[{\"@type\":\"ListItem\",\"position\":1,\"name\":\"Accueil\",\"item\":\"https:\\\/\\\/humandesign.group\\\/\"},{\"@type\":\"ListItem\",\"position\":2,\"name\":\"Conseil\",\"item\":\"https:\\\/\\\/humandesign.group\\\/conseil\\\/\"},{\"@type\":\"ListItem\",\"position\":3,\"name\":\"Conditions de travail\"}]},{\"@type\":\"WebSite\",\"@id\":\"https:\\\/\\\/humandesign.group\\\/#website\",\"url\":\"https:\\\/\\\/humandesign.group\\\/\",\"name\":\"Human design Group\",\"description\":\"La valeur centr\u00e9e humain\",\"publisher\":{\"@id\":\"https:\\\/\\\/humandesign.group\\\/#organization\"},\"potentialAction\":[{\"@type\":\"SearchAction\",\"target\":{\"@type\":\"EntryPoint\",\"urlTemplate\":\"https:\\\/\\\/humandesign.group\\\/?s={search_term_string}\"},\"query-input\":{\"@type\":\"PropertyValueSpecification\",\"valueRequired\":true,\"valueName\":\"search_term_string\"}}],\"inLanguage\":\"en-GB\"},{\"@type\":\"Organization\",\"@id\":\"https:\\\/\\\/humandesign.group\\\/#organization\",\"name\":\"Human Design Group\",\"url\":\"https:\\\/\\\/humandesign.group\\\/\",\"logo\":{\"@type\":\"ImageObject\",\"inLanguage\":\"en-GB\",\"@id\":\"https:\\\/\\\/humandesign.group\\\/#\\\/schema\\\/logo\\\/image\\\/\",\"url\":\"https:\\\/\\\/humandesign.group\\\/wp-content\\\/uploads\\\/2021\\\/03\\\/cropped-625x625-WPicons.png\",\"contentUrl\":\"https:\\\/\\\/humandesign.group\\\/wp-content\\\/uploads\\\/2021\\\/03\\\/cropped-625x625-WPicons.png\",\"width\":512,\"height\":512,\"caption\":\"Human Design Group\"},\"image\":{\"@id\":\"https:\\\/\\\/humandesign.group\\\/#\\\/schema\\\/logo\\\/image\\\/\"},\"sameAs\":[\"https:\\\/\\\/x.com\\\/byHDGroup\",\"https:\\\/\\\/www.linkedin.com\\\/company\\\/11247344\\\/\",\"https:\\\/\\\/www.youtube.com\\\/channel\\\/UCEaSL9cWQPV8GbViMdSlrwA\"]}]}<\/script>\n<!-- \/ Yoast SEO plugin. -->","yoast_head_json":{"title":"Working conditions - Human design Group","description":"Responding to the challenges of the company, the business group and the individual in terms of working conditions, with our support in various areas.","robots":{"index":"index","follow":"follow","max-snippet":"max-snippet:-1","max-image-preview":"max-image-preview:large","max-video-preview":"max-video-preview:-1"},"canonical":"https:\/\/humandesign.group\/en\/consulting\/improving-working-conditions\/","og_locale":"en_GB","og_type":"article","og_title":"Conditions de travail - Human design Group","og_description":"R\u00e9pondre aux enjeux de l'entreprise, du collectif m\u00e9tier et de l'individu concernant les conditions de travail avec nos accompagnements sur diff\u00e9rentes axes.","og_url":"https:\/\/humandesign.group\/en\/consulting\/improving-working-conditions\/","og_site_name":"Human design Group","article_modified_time":"2026-04-24T08:21:51+00:00","og_image":[{"width":1024,"height":576,"url":"https:\/\/humandesign.group\/wp-content\/uploads\/2026\/01\/hero-conditions-de-travail-1024x576.png","type":"image\/png"}],"twitter_card":"summary_large_image","twitter_site":"@byHDGroup","twitter_misc":{"Estimated reading time":"8 minutes"},"schema":{"@context":"https:\/\/schema.org","@graph":[{"@type":"WebPage","@id":"https:\/\/humandesign.group\/conseil\/amelioration-conditions-de-travail\/","url":"https:\/\/humandesign.group\/conseil\/amelioration-conditions-de-travail\/","name":"Working conditions - Human design Group","isPartOf":{"@id":"https:\/\/humandesign.group\/#website"},"primaryImageOfPage":{"@id":"https:\/\/humandesign.group\/conseil\/amelioration-conditions-de-travail\/#primaryimage"},"image":{"@id":"https:\/\/humandesign.group\/conseil\/amelioration-conditions-de-travail\/#primaryimage"},"thumbnailUrl":"https:\/\/humandesign.group\/wp-content\/uploads\/2026\/01\/hero-conditions-de-travail-scaled.png","datePublished":"2026-01-29T14:31:04+00:00","dateModified":"2026-04-24T08:21:51+00:00","description":"Responding to the challenges of the company, the business group and the individual in terms of working conditions, with our support in various areas.","breadcrumb":{"@id":"https:\/\/humandesign.group\/conseil\/amelioration-conditions-de-travail\/#breadcrumb"},"inLanguage":"en-GB","potentialAction":[{"@type":"ReadAction","target":["https:\/\/humandesign.group\/conseil\/amelioration-conditions-de-travail\/"]}]},{"@type":"ImageObject","inLanguage":"en-GB","@id":"https:\/\/humandesign.group\/conseil\/amelioration-conditions-de-travail\/#primaryimage","url":"https:\/\/humandesign.group\/wp-content\/uploads\/2026\/01\/hero-conditions-de-travail-scaled.png","contentUrl":"https:\/\/humandesign.group\/wp-content\/uploads\/2026\/01\/hero-conditions-de-travail-scaled.png","width":2560,"height":1440},{"@type":"BreadcrumbList","@id":"https:\/\/humandesign.group\/conseil\/amelioration-conditions-de-travail\/#breadcrumb","itemListElement":[{"@type":"ListItem","position":1,"name":"Accueil","item":"https:\/\/humandesign.group\/"},{"@type":"ListItem","position":2,"name":"Conseil","item":"https:\/\/humandesign.group\/conseil\/"},{"@type":"ListItem","position":3,"name":"Conditions de travail"}]},{"@type":"WebSite","@id":"https:\/\/humandesign.group\/#website","url":"https:\/\/humandesign.group\/","name":"at Human design Group","description":"Human-centred value","publisher":{"@id":"https:\/\/humandesign.group\/#organization"},"potentialAction":[{"@type":"SearchAction","target":{"@type":"EntryPoint","urlTemplate":"https:\/\/humandesign.group\/?s={search_term_string}"},"query-input":{"@type":"PropertyValueSpecification","valueRequired":true,"valueName":"search_term_string"}}],"inLanguage":"en-GB"},{"@type":"Organization","@id":"https:\/\/humandesign.group\/#organization","name":"Human Design Group","url":"https:\/\/humandesign.group\/","logo":{"@type":"ImageObject","inLanguage":"en-GB","@id":"https:\/\/humandesign.group\/#\/schema\/logo\/image\/","url":"https:\/\/humandesign.group\/wp-content\/uploads\/2021\/03\/cropped-625x625-WPicons.png","contentUrl":"https:\/\/humandesign.group\/wp-content\/uploads\/2021\/03\/cropped-625x625-WPicons.png","width":512,"height":512,"caption":"Human Design Group"},"image":{"@id":"https:\/\/humandesign.group\/#\/schema\/logo\/image\/"},"sameAs":["https:\/\/x.com\/byHDGroup","https:\/\/www.linkedin.com\/company\/11247344\/","https:\/\/www.youtube.com\/channel\/UCEaSL9cWQPV8GbViMdSlrwA"]}]}},"_links":{"self":[{"href":"https:\/\/humandesign.group\/en\/wp-json\/wp\/v2\/pages\/20569","targetHints":{"allow":["GET"]}}],"collection":[{"href":"https:\/\/humandesign.group\/en\/wp-json\/wp\/v2\/pages"}],"about":[{"href":"https:\/\/humandesign.group\/en\/wp-json\/wp\/v2\/types\/page"}],"author":[{"embeddable":true,"href":"https:\/\/humandesign.group\/en\/wp-json\/wp\/v2\/users\/3"}],"replies":[{"embeddable":true,"href":"https:\/\/humandesign.group\/en\/wp-json\/wp\/v2\/comments?post=20569"}],"version-history":[{"count":5,"href":"https:\/\/humandesign.group\/en\/wp-json\/wp\/v2\/pages\/20569\/revisions"}],"predecessor-version":[{"id":21513,"href":"https:\/\/humandesign.group\/en\/wp-json\/wp\/v2\/pages\/20569\/revisions\/21513"}],"up":[{"embeddable":true,"href":"https:\/\/humandesign.group\/en\/wp-json\/wp\/v2\/pages\/17107"}],"wp:featuredmedia":[{"embeddable":true,"href":"https:\/\/humandesign.group\/en\/wp-json\/wp\/v2\/media\/20604"}],"wp:attachment":[{"href":"https:\/\/humandesign.group\/en\/wp-json\/wp\/v2\/media?parent=20569"}],"wp:term":[{"taxonomy":"folder","embeddable":true,"href":"https:\/\/humandesign.group\/en\/wp-json\/wp\/v2\/folder?post=20569"}],"curies":[{"name":"wp","href":"https:\/\/api.w.org\/{rel}","templated":true}]}}