{"id":20636,"date":"2026-02-06T09:53:29","date_gmt":"2026-02-06T08:53:29","guid":{"rendered":"https:\/\/staging.humandesign.group\/?page_id=20636"},"modified":"2026-02-11T15:37:36","modified_gmt":"2026-02-11T14:37:36","slug":"sensorium","status":"publish","type":"page","link":"https:\/\/humandesign.group\/en\/recherche\/sensorium\/","title":{"rendered":"Sensorium"},"content":{"rendered":"","protected":false},"excerpt":{"rendered":"","protected":false},"author":3,"featured_media":20855,"parent":17110,"menu_order":0,"comment_status":"closed","ping_status":"closed","template":"","meta":{"footnotes":""},"folder":[201,48],"class_list":["post-20636","page","type-page","status-publish","has-post-thumbnail","hentry"],"yoast_head":"<!-- This site is optimized with the Yoast SEO plugin v27.5 - https:\/\/yoast.com\/product\/yoast-seo-wordpress\/ -->\n<title>Sensorium - Human design Group<\/title>\n<meta name=\"description\" content=\"Alors que 93 %* des entreprises ont du mal \u00e0 s&#039;y retrouver strat\u00e9giquement dans le paysage technologique, comment s&#039;assurer que vos concepts r\u00e9pondent \u00e0 des besoins r\u00e9els tout en g\u00e9rant vos investissements ?\" \/>\n<meta name=\"robots\" content=\"index, follow, max-snippet:-1, max-image-preview:large, max-video-preview:-1\" \/>\n<link rel=\"canonical\" href=\"https:\/\/humandesign.group\/en\/research\/sensorium\/\" \/>\n<meta property=\"og:locale\" content=\"en_GB\" \/>\n<meta property=\"og:type\" content=\"article\" \/>\n<meta property=\"og:title\" content=\"Sensorium - Human design Group\" \/>\n<meta property=\"og:description\" content=\"Alors que 93 %* des entreprises ont du mal \u00e0 s&#039;y retrouver strat\u00e9giquement dans le paysage technologique, comment s&#039;assurer que vos concepts r\u00e9pondent \u00e0 des besoins r\u00e9els tout en g\u00e9rant vos investissements ?\" \/>\n<meta property=\"og:url\" content=\"https:\/\/humandesign.group\/en\/research\/sensorium\/\" \/>\n<meta property=\"og:site_name\" content=\"Human design Group\" \/>\n<meta property=\"article:modified_time\" content=\"2026-02-11T14:37:36+00:00\" \/>\n<meta property=\"og:image\" content=\"https:\/\/humandesign.group\/wp-content\/uploads\/2026\/02\/Sensorium-From-concept-to-operational-reality.png\" \/>\n\t<meta property=\"og:image:width\" content=\"1551\" \/>\n\t<meta property=\"og:image:height\" content=\"872\" \/>\n\t<meta property=\"og:image:type\" content=\"image\/png\" \/>\n<meta name=\"twitter:card\" content=\"summary_large_image\" \/>\n<meta name=\"twitter:site\" content=\"@byHDGroup\" \/>\n<meta name=\"twitter:label1\" content=\"Estimated reading time\" \/>\n\t<meta name=\"twitter:data1\" content=\"11 minutes\" \/>\n<script type=\"application\/ld+json\" class=\"yoast-schema-graph\">{\"@context\":\"https:\\\/\\\/schema.org\",\"@graph\":[{\"@type\":\"WebPage\",\"@id\":\"https:\\\/\\\/humandesign.group\\\/recherche\\\/sensorium\\\/\",\"url\":\"https:\\\/\\\/humandesign.group\\\/recherche\\\/sensorium\\\/\",\"name\":\"Sensorium - Human design Group\",\"isPartOf\":{\"@id\":\"https:\\\/\\\/humandesign.group\\\/#website\"},\"primaryImageOfPage\":{\"@id\":\"https:\\\/\\\/humandesign.group\\\/recherche\\\/sensorium\\\/#primaryimage\"},\"image\":{\"@id\":\"https:\\\/\\\/humandesign.group\\\/recherche\\\/sensorium\\\/#primaryimage\"},\"thumbnailUrl\":\"https:\\\/\\\/humandesign.group\\\/wp-content\\\/uploads\\\/2026\\\/02\\\/Sensorium-From-concept-to-operational-reality.png\",\"datePublished\":\"2026-02-06T08:53:29+00:00\",\"dateModified\":\"2026-02-11T14:37:36+00:00\",\"description\":\"Alors que 93 %* des entreprises ont du mal \u00e0 s'y retrouver strat\u00e9giquement dans le paysage technologique, comment s'assurer que vos concepts r\u00e9pondent \u00e0 des besoins r\u00e9els tout en g\u00e9rant vos investissements ?\",\"breadcrumb\":{\"@id\":\"https:\\\/\\\/humandesign.group\\\/recherche\\\/sensorium\\\/#breadcrumb\"},\"inLanguage\":\"en-GB\",\"potentialAction\":[{\"@type\":\"ReadAction\",\"target\":[\"https:\\\/\\\/humandesign.group\\\/recherche\\\/sensorium\\\/\"]}]},{\"@type\":\"ImageObject\",\"inLanguage\":\"en-GB\",\"@id\":\"https:\\\/\\\/humandesign.group\\\/recherche\\\/sensorium\\\/#primaryimage\",\"url\":\"https:\\\/\\\/humandesign.group\\\/wp-content\\\/uploads\\\/2026\\\/02\\\/Sensorium-From-concept-to-operational-reality.png\",\"contentUrl\":\"https:\\\/\\\/humandesign.group\\\/wp-content\\\/uploads\\\/2026\\\/02\\\/Sensorium-From-concept-to-operational-reality.png\",\"width\":1551,\"height\":872},{\"@type\":\"BreadcrumbList\",\"@id\":\"https:\\\/\\\/humandesign.group\\\/recherche\\\/sensorium\\\/#breadcrumb\",\"itemListElement\":[{\"@type\":\"ListItem\",\"position\":1,\"name\":\"Accueil\",\"item\":\"https:\\\/\\\/humandesign.group\\\/\"},{\"@type\":\"ListItem\",\"position\":2,\"name\":\"Recherche\",\"item\":\"https:\\\/\\\/humandesign.group\\\/recherche\\\/\"},{\"@type\":\"ListItem\",\"position\":3,\"name\":\"Sensorium\"}]},{\"@type\":\"WebSite\",\"@id\":\"https:\\\/\\\/humandesign.group\\\/#website\",\"url\":\"https:\\\/\\\/humandesign.group\\\/\",\"name\":\"Human design Group\",\"description\":\"La valeur centr\u00e9e humain\",\"publisher\":{\"@id\":\"https:\\\/\\\/humandesign.group\\\/#organization\"},\"potentialAction\":[{\"@type\":\"SearchAction\",\"target\":{\"@type\":\"EntryPoint\",\"urlTemplate\":\"https:\\\/\\\/humandesign.group\\\/?s={search_term_string}\"},\"query-input\":{\"@type\":\"PropertyValueSpecification\",\"valueRequired\":true,\"valueName\":\"search_term_string\"}}],\"inLanguage\":\"en-GB\"},{\"@type\":\"Organization\",\"@id\":\"https:\\\/\\\/humandesign.group\\\/#organization\",\"name\":\"Human Design Group\",\"url\":\"https:\\\/\\\/humandesign.group\\\/\",\"logo\":{\"@type\":\"ImageObject\",\"inLanguage\":\"en-GB\",\"@id\":\"https:\\\/\\\/humandesign.group\\\/#\\\/schema\\\/logo\\\/image\\\/\",\"url\":\"https:\\\/\\\/humandesign.group\\\/wp-content\\\/uploads\\\/2021\\\/03\\\/cropped-625x625-WPicons.png\",\"contentUrl\":\"https:\\\/\\\/humandesign.group\\\/wp-content\\\/uploads\\\/2021\\\/03\\\/cropped-625x625-WPicons.png\",\"width\":512,\"height\":512,\"caption\":\"Human Design Group\"},\"image\":{\"@id\":\"https:\\\/\\\/humandesign.group\\\/#\\\/schema\\\/logo\\\/image\\\/\"},\"sameAs\":[\"https:\\\/\\\/x.com\\\/byHDGroup\",\"https:\\\/\\\/www.linkedin.com\\\/company\\\/11247344\\\/\",\"https:\\\/\\\/www.youtube.com\\\/channel\\\/UCEaSL9cWQPV8GbViMdSlrwA\"]}]}<\/script>\n<!-- \/ Yoast SEO plugin. -->","yoast_head_json":{"title":"Sensorium - Human design Group","description":"At a time when 93 %* companies are struggling to find their way strategically in the technological landscape, how can you ensure that your concepts meet real needs while managing your investments?","robots":{"index":"index","follow":"follow","max-snippet":"max-snippet:-1","max-image-preview":"max-image-preview:large","max-video-preview":"max-video-preview:-1"},"canonical":"https:\/\/humandesign.group\/en\/research\/sensorium\/","og_locale":"en_GB","og_type":"article","og_title":"Sensorium - Human design Group","og_description":"Alors que 93 %* des entreprises ont du mal \u00e0 s'y retrouver strat\u00e9giquement dans le paysage technologique, comment s'assurer que vos concepts r\u00e9pondent \u00e0 des besoins r\u00e9els tout en g\u00e9rant vos investissements ?","og_url":"https:\/\/humandesign.group\/en\/research\/sensorium\/","og_site_name":"Human design Group","article_modified_time":"2026-02-11T14:37:36+00:00","og_image":[{"width":1551,"height":872,"url":"https:\/\/humandesign.group\/wp-content\/uploads\/2026\/02\/Sensorium-From-concept-to-operational-reality.png","type":"image\/png"}],"twitter_card":"summary_large_image","twitter_site":"@byHDGroup","twitter_misc":{"Estimated reading time":"11 minutes"},"schema":{"@context":"https:\/\/schema.org","@graph":[{"@type":"WebPage","@id":"https:\/\/humandesign.group\/recherche\/sensorium\/","url":"https:\/\/humandesign.group\/recherche\/sensorium\/","name":"Sensorium - Human design Group","isPartOf":{"@id":"https:\/\/humandesign.group\/#website"},"primaryImageOfPage":{"@id":"https:\/\/humandesign.group\/recherche\/sensorium\/#primaryimage"},"image":{"@id":"https:\/\/humandesign.group\/recherche\/sensorium\/#primaryimage"},"thumbnailUrl":"https:\/\/humandesign.group\/wp-content\/uploads\/2026\/02\/Sensorium-From-concept-to-operational-reality.png","datePublished":"2026-02-06T08:53:29+00:00","dateModified":"2026-02-11T14:37:36+00:00","description":"At a time when 93 %* companies are struggling to find their way strategically in the technological landscape, how can you ensure that your concepts meet real needs while managing your investments?","breadcrumb":{"@id":"https:\/\/humandesign.group\/recherche\/sensorium\/#breadcrumb"},"inLanguage":"en-GB","potentialAction":[{"@type":"ReadAction","target":["https:\/\/humandesign.group\/recherche\/sensorium\/"]}]},{"@type":"ImageObject","inLanguage":"en-GB","@id":"https:\/\/humandesign.group\/recherche\/sensorium\/#primaryimage","url":"https:\/\/humandesign.group\/wp-content\/uploads\/2026\/02\/Sensorium-From-concept-to-operational-reality.png","contentUrl":"https:\/\/humandesign.group\/wp-content\/uploads\/2026\/02\/Sensorium-From-concept-to-operational-reality.png","width":1551,"height":872},{"@type":"BreadcrumbList","@id":"https:\/\/humandesign.group\/recherche\/sensorium\/#breadcrumb","itemListElement":[{"@type":"ListItem","position":1,"name":"Accueil","item":"https:\/\/humandesign.group\/"},{"@type":"ListItem","position":2,"name":"Recherche","item":"https:\/\/humandesign.group\/recherche\/"},{"@type":"ListItem","position":3,"name":"Sensorium"}]},{"@type":"WebSite","@id":"https:\/\/humandesign.group\/#website","url":"https:\/\/humandesign.group\/","name":"at Human design Group","description":"Human-centred value","publisher":{"@id":"https:\/\/humandesign.group\/#organization"},"potentialAction":[{"@type":"SearchAction","target":{"@type":"EntryPoint","urlTemplate":"https:\/\/humandesign.group\/?s={search_term_string}"},"query-input":{"@type":"PropertyValueSpecification","valueRequired":true,"valueName":"search_term_string"}}],"inLanguage":"en-GB"},{"@type":"Organization","@id":"https:\/\/humandesign.group\/#organization","name":"Human Design Group","url":"https:\/\/humandesign.group\/","logo":{"@type":"ImageObject","inLanguage":"en-GB","@id":"https:\/\/humandesign.group\/#\/schema\/logo\/image\/","url":"https:\/\/humandesign.group\/wp-content\/uploads\/2021\/03\/cropped-625x625-WPicons.png","contentUrl":"https:\/\/humandesign.group\/wp-content\/uploads\/2021\/03\/cropped-625x625-WPicons.png","width":512,"height":512,"caption":"Human Design Group"},"image":{"@id":"https:\/\/humandesign.group\/#\/schema\/logo\/image\/"},"sameAs":["https:\/\/x.com\/byHDGroup","https:\/\/www.linkedin.com\/company\/11247344\/","https:\/\/www.youtube.com\/channel\/UCEaSL9cWQPV8GbViMdSlrwA"]}]}},"_links":{"self":[{"href":"https:\/\/humandesign.group\/en\/wp-json\/wp\/v2\/pages\/20636","targetHints":{"allow":["GET"]}}],"collection":[{"href":"https:\/\/humandesign.group\/en\/wp-json\/wp\/v2\/pages"}],"about":[{"href":"https:\/\/humandesign.group\/en\/wp-json\/wp\/v2\/types\/page"}],"author":[{"embeddable":true,"href":"https:\/\/humandesign.group\/en\/wp-json\/wp\/v2\/users\/3"}],"replies":[{"embeddable":true,"href":"https:\/\/humandesign.group\/en\/wp-json\/wp\/v2\/comments?post=20636"}],"version-history":[{"count":5,"href":"https:\/\/humandesign.group\/en\/wp-json\/wp\/v2\/pages\/20636\/revisions"}],"predecessor-version":[{"id":20887,"href":"https:\/\/humandesign.group\/en\/wp-json\/wp\/v2\/pages\/20636\/revisions\/20887"}],"up":[{"embeddable":true,"href":"https:\/\/humandesign.group\/en\/wp-json\/wp\/v2\/pages\/17110"}],"wp:featuredmedia":[{"embeddable":true,"href":"https:\/\/humandesign.group\/en\/wp-json\/wp\/v2\/media\/20855"}],"wp:attachment":[{"href":"https:\/\/humandesign.group\/en\/wp-json\/wp\/v2\/media?parent=20636"}],"wp:term":[{"taxonomy":"folder","embeddable":true,"href":"https:\/\/humandesign.group\/en\/wp-json\/wp\/v2\/folder?post=20636"}],"curies":[{"name":"wp","href":"https:\/\/api.w.org\/{rel}","templated":true}]}}