{"id":20655,"date":"2026-02-04T10:09:13","date_gmt":"2026-02-04T09:09:13","guid":{"rendered":"https:\/\/staging.humandesign.group\/?page_id=20655"},"modified":"2026-03-09T14:18:03","modified_gmt":"2026-03-09T13:18:03","slug":"iec-62366-1","status":"publish","type":"page","link":"https:\/\/humandesign.group\/en\/sante\/iec-62366-1\/","title":{"rendered":"IEC 62366-1"},"content":{"rendered":"","protected":false},"excerpt":{"rendered":"","protected":false},"author":3,"featured_media":20656,"parent":15572,"menu_order":0,"comment_status":"closed","ping_status":"closed","template":"","meta":{"footnotes":""},"folder":[49],"class_list":["post-20655","page","type-page","status-publish","has-post-thumbnail","hentry"],"yoast_head":"<!-- This site is optimized with the Yoast SEO plugin v27.5 - https:\/\/yoast.com\/product\/yoast-seo-wordpress\/ -->\n<title>IEC 62366-1 - Human design Group<\/title>\n<meta name=\"description\" content=\"De l&#039;analyse pr\u00e9liminaire \u00e0 la documentation du processus d&#039;aptitude \u00e0 l&#039;utilisation, nous proposons un accompagnement de bout en bout, int\u00e9grant le design de l&#039;exp\u00e9rience utilisateur et sa double \u00e9valuation formative et sommative.\" \/>\n<meta name=\"robots\" content=\"index, follow, max-snippet:-1, max-image-preview:large, max-video-preview:-1\" \/>\n<link rel=\"canonical\" href=\"https:\/\/humandesign.group\/en\/health\/iec-62366-1\/\" \/>\n<meta property=\"og:locale\" content=\"en_GB\" \/>\n<meta property=\"og:type\" content=\"article\" \/>\n<meta property=\"og:title\" content=\"IEC 62366-1 - Human design Group\" \/>\n<meta property=\"og:description\" content=\"De l&#039;analyse pr\u00e9liminaire \u00e0 la documentation du processus d&#039;aptitude \u00e0 l&#039;utilisation, nous proposons un accompagnement de bout en bout, int\u00e9grant le design de l&#039;exp\u00e9rience utilisateur et sa double \u00e9valuation formative et sommative.\" \/>\n<meta property=\"og:url\" content=\"https:\/\/humandesign.group\/en\/health\/iec-62366-1\/\" \/>\n<meta property=\"og:site_name\" content=\"Human design Group\" \/>\n<meta property=\"article:modified_time\" content=\"2026-03-09T13:18:03+00:00\" \/>\n<meta property=\"og:image\" content=\"https:\/\/humandesign.group\/wp-content\/uploads\/2026\/02\/HERO-IEC.jpg\" \/>\n\t<meta property=\"og:image:width\" content=\"1920\" \/>\n\t<meta property=\"og:image:height\" content=\"700\" \/>\n\t<meta property=\"og:image:type\" content=\"image\/jpeg\" \/>\n<meta name=\"twitter:card\" content=\"summary_large_image\" \/>\n<meta name=\"twitter:site\" content=\"@byHDGroup\" \/>\n<meta name=\"twitter:label1\" content=\"Estimated reading time\" \/>\n\t<meta name=\"twitter:data1\" content=\"10 minutes\" \/>\n<script type=\"application\/ld+json\" class=\"yoast-schema-graph\">{\"@context\":\"https:\\\/\\\/schema.org\",\"@graph\":[{\"@type\":\"WebPage\",\"@id\":\"https:\\\/\\\/humandesign.group\\\/sante\\\/iec-62366-1\\\/\",\"url\":\"https:\\\/\\\/humandesign.group\\\/sante\\\/iec-62366-1\\\/\",\"name\":\"IEC 62366-1 - Human design Group\",\"isPartOf\":{\"@id\":\"https:\\\/\\\/humandesign.group\\\/#website\"},\"primaryImageOfPage\":{\"@id\":\"https:\\\/\\\/humandesign.group\\\/sante\\\/iec-62366-1\\\/#primaryimage\"},\"image\":{\"@id\":\"https:\\\/\\\/humandesign.group\\\/sante\\\/iec-62366-1\\\/#primaryimage\"},\"thumbnailUrl\":\"https:\\\/\\\/humandesign.group\\\/wp-content\\\/uploads\\\/2026\\\/02\\\/HERO-IEC.jpg\",\"datePublished\":\"2026-02-04T09:09:13+00:00\",\"dateModified\":\"2026-03-09T13:18:03+00:00\",\"description\":\"De l'analyse pr\u00e9liminaire \u00e0 la documentation du processus d'aptitude \u00e0 l'utilisation, nous proposons un accompagnement de bout en bout, int\u00e9grant le design de l'exp\u00e9rience utilisateur et sa double \u00e9valuation formative et sommative.\",\"breadcrumb\":{\"@id\":\"https:\\\/\\\/humandesign.group\\\/sante\\\/iec-62366-1\\\/#breadcrumb\"},\"inLanguage\":\"en-GB\",\"potentialAction\":[{\"@type\":\"ReadAction\",\"target\":[\"https:\\\/\\\/humandesign.group\\\/sante\\\/iec-62366-1\\\/\"]}]},{\"@type\":\"ImageObject\",\"inLanguage\":\"en-GB\",\"@id\":\"https:\\\/\\\/humandesign.group\\\/sante\\\/iec-62366-1\\\/#primaryimage\",\"url\":\"https:\\\/\\\/humandesign.group\\\/wp-content\\\/uploads\\\/2026\\\/02\\\/HERO-IEC.jpg\",\"contentUrl\":\"https:\\\/\\\/humandesign.group\\\/wp-content\\\/uploads\\\/2026\\\/02\\\/HERO-IEC.jpg\",\"width\":1920,\"height\":700},{\"@type\":\"BreadcrumbList\",\"@id\":\"https:\\\/\\\/humandesign.group\\\/sante\\\/iec-62366-1\\\/#breadcrumb\",\"itemListElement\":[{\"@type\":\"ListItem\",\"position\":1,\"name\":\"Accueil\",\"item\":\"https:\\\/\\\/humandesign.group\\\/\"},{\"@type\":\"ListItem\",\"position\":2,\"name\":\"Sant\u00e9 &amp; Bien-\u00catre\",\"item\":\"https:\\\/\\\/humandesign.group\\\/sante\\\/\"},{\"@type\":\"ListItem\",\"position\":3,\"name\":\"IEC 62366-1\"}]},{\"@type\":\"WebSite\",\"@id\":\"https:\\\/\\\/humandesign.group\\\/#website\",\"url\":\"https:\\\/\\\/humandesign.group\\\/\",\"name\":\"Human design Group\",\"description\":\"La valeur centr\u00e9e humain\",\"publisher\":{\"@id\":\"https:\\\/\\\/humandesign.group\\\/#organization\"},\"potentialAction\":[{\"@type\":\"SearchAction\",\"target\":{\"@type\":\"EntryPoint\",\"urlTemplate\":\"https:\\\/\\\/humandesign.group\\\/?s={search_term_string}\"},\"query-input\":{\"@type\":\"PropertyValueSpecification\",\"valueRequired\":true,\"valueName\":\"search_term_string\"}}],\"inLanguage\":\"en-GB\"},{\"@type\":\"Organization\",\"@id\":\"https:\\\/\\\/humandesign.group\\\/#organization\",\"name\":\"Human Design Group\",\"url\":\"https:\\\/\\\/humandesign.group\\\/\",\"logo\":{\"@type\":\"ImageObject\",\"inLanguage\":\"en-GB\",\"@id\":\"https:\\\/\\\/humandesign.group\\\/#\\\/schema\\\/logo\\\/image\\\/\",\"url\":\"https:\\\/\\\/humandesign.group\\\/wp-content\\\/uploads\\\/2021\\\/03\\\/cropped-625x625-WPicons.png\",\"contentUrl\":\"https:\\\/\\\/humandesign.group\\\/wp-content\\\/uploads\\\/2021\\\/03\\\/cropped-625x625-WPicons.png\",\"width\":512,\"height\":512,\"caption\":\"Human Design Group\"},\"image\":{\"@id\":\"https:\\\/\\\/humandesign.group\\\/#\\\/schema\\\/logo\\\/image\\\/\"},\"sameAs\":[\"https:\\\/\\\/x.com\\\/byHDGroup\",\"https:\\\/\\\/www.linkedin.com\\\/company\\\/11247344\\\/\",\"https:\\\/\\\/www.youtube.com\\\/channel\\\/UCEaSL9cWQPV8GbViMdSlrwA\"]}]}<\/script>\n<!-- \/ Yoast SEO plugin. -->","yoast_head_json":{"title":"IEC 62366-1 - Human design Group","description":"From the preliminary analysis to the documentation of the usability process, we offer end-to-end support, integrating the design of the user experience and its dual formative and summative evaluation.","robots":{"index":"index","follow":"follow","max-snippet":"max-snippet:-1","max-image-preview":"max-image-preview:large","max-video-preview":"max-video-preview:-1"},"canonical":"https:\/\/humandesign.group\/en\/health\/iec-62366-1\/","og_locale":"en_GB","og_type":"article","og_title":"IEC 62366-1 - Human design Group","og_description":"De l'analyse pr\u00e9liminaire \u00e0 la documentation du processus d'aptitude \u00e0 l'utilisation, nous proposons un accompagnement de bout en bout, int\u00e9grant le design de l'exp\u00e9rience utilisateur et sa double \u00e9valuation formative et sommative.","og_url":"https:\/\/humandesign.group\/en\/health\/iec-62366-1\/","og_site_name":"Human design Group","article_modified_time":"2026-03-09T13:18:03+00:00","og_image":[{"width":1920,"height":700,"url":"https:\/\/humandesign.group\/wp-content\/uploads\/2026\/02\/HERO-IEC.jpg","type":"image\/jpeg"}],"twitter_card":"summary_large_image","twitter_site":"@byHDGroup","twitter_misc":{"Estimated reading time":"10 minutes"},"schema":{"@context":"https:\/\/schema.org","@graph":[{"@type":"WebPage","@id":"https:\/\/humandesign.group\/sante\/iec-62366-1\/","url":"https:\/\/humandesign.group\/sante\/iec-62366-1\/","name":"IEC 62366-1 - Human design Group","isPartOf":{"@id":"https:\/\/humandesign.group\/#website"},"primaryImageOfPage":{"@id":"https:\/\/humandesign.group\/sante\/iec-62366-1\/#primaryimage"},"image":{"@id":"https:\/\/humandesign.group\/sante\/iec-62366-1\/#primaryimage"},"thumbnailUrl":"https:\/\/humandesign.group\/wp-content\/uploads\/2026\/02\/HERO-IEC.jpg","datePublished":"2026-02-04T09:09:13+00:00","dateModified":"2026-03-09T13:18:03+00:00","description":"From the preliminary analysis to the documentation of the usability process, we offer end-to-end support, integrating the design of the user experience and its dual formative and summative evaluation.","breadcrumb":{"@id":"https:\/\/humandesign.group\/sante\/iec-62366-1\/#breadcrumb"},"inLanguage":"en-GB","potentialAction":[{"@type":"ReadAction","target":["https:\/\/humandesign.group\/sante\/iec-62366-1\/"]}]},{"@type":"ImageObject","inLanguage":"en-GB","@id":"https:\/\/humandesign.group\/sante\/iec-62366-1\/#primaryimage","url":"https:\/\/humandesign.group\/wp-content\/uploads\/2026\/02\/HERO-IEC.jpg","contentUrl":"https:\/\/humandesign.group\/wp-content\/uploads\/2026\/02\/HERO-IEC.jpg","width":1920,"height":700},{"@type":"BreadcrumbList","@id":"https:\/\/humandesign.group\/sante\/iec-62366-1\/#breadcrumb","itemListElement":[{"@type":"ListItem","position":1,"name":"Accueil","item":"https:\/\/humandesign.group\/"},{"@type":"ListItem","position":2,"name":"Sant\u00e9 &amp; Bien-\u00catre","item":"https:\/\/humandesign.group\/sante\/"},{"@type":"ListItem","position":3,"name":"IEC 62366-1"}]},{"@type":"WebSite","@id":"https:\/\/humandesign.group\/#website","url":"https:\/\/humandesign.group\/","name":"at Human design Group","description":"Human-centred value","publisher":{"@id":"https:\/\/humandesign.group\/#organization"},"potentialAction":[{"@type":"SearchAction","target":{"@type":"EntryPoint","urlTemplate":"https:\/\/humandesign.group\/?s={search_term_string}"},"query-input":{"@type":"PropertyValueSpecification","valueRequired":true,"valueName":"search_term_string"}}],"inLanguage":"en-GB"},{"@type":"Organization","@id":"https:\/\/humandesign.group\/#organization","name":"Human Design Group","url":"https:\/\/humandesign.group\/","logo":{"@type":"ImageObject","inLanguage":"en-GB","@id":"https:\/\/humandesign.group\/#\/schema\/logo\/image\/","url":"https:\/\/humandesign.group\/wp-content\/uploads\/2021\/03\/cropped-625x625-WPicons.png","contentUrl":"https:\/\/humandesign.group\/wp-content\/uploads\/2021\/03\/cropped-625x625-WPicons.png","width":512,"height":512,"caption":"Human Design Group"},"image":{"@id":"https:\/\/humandesign.group\/#\/schema\/logo\/image\/"},"sameAs":["https:\/\/x.com\/byHDGroup","https:\/\/www.linkedin.com\/company\/11247344\/","https:\/\/www.youtube.com\/channel\/UCEaSL9cWQPV8GbViMdSlrwA"]}]}},"_links":{"self":[{"href":"https:\/\/humandesign.group\/en\/wp-json\/wp\/v2\/pages\/20655","targetHints":{"allow":["GET"]}}],"collection":[{"href":"https:\/\/humandesign.group\/en\/wp-json\/wp\/v2\/pages"}],"about":[{"href":"https:\/\/humandesign.group\/en\/wp-json\/wp\/v2\/types\/page"}],"author":[{"embeddable":true,"href":"https:\/\/humandesign.group\/en\/wp-json\/wp\/v2\/users\/3"}],"replies":[{"embeddable":true,"href":"https:\/\/humandesign.group\/en\/wp-json\/wp\/v2\/comments?post=20655"}],"version-history":[{"count":5,"href":"https:\/\/humandesign.group\/en\/wp-json\/wp\/v2\/pages\/20655\/revisions"}],"predecessor-version":[{"id":21335,"href":"https:\/\/humandesign.group\/en\/wp-json\/wp\/v2\/pages\/20655\/revisions\/21335"}],"up":[{"embeddable":true,"href":"https:\/\/humandesign.group\/en\/wp-json\/wp\/v2\/pages\/15572"}],"wp:featuredmedia":[{"embeddable":true,"href":"https:\/\/humandesign.group\/en\/wp-json\/wp\/v2\/media\/20656"}],"wp:attachment":[{"href":"https:\/\/humandesign.group\/en\/wp-json\/wp\/v2\/media?parent=20655"}],"wp:term":[{"taxonomy":"folder","embeddable":true,"href":"https:\/\/humandesign.group\/en\/wp-json\/wp\/v2\/folder?post=20655"}],"curies":[{"name":"wp","href":"https:\/\/api.w.org\/{rel}","templated":true}]}}